{"id":1886,"date":"2023-04-02T17:29:30","date_gmt":"2023-04-02T15:29:30","guid":{"rendered":"http:\/\/www.brigittebeauty.hu\/?page_id=1886"},"modified":"2025-05-03T20:59:26","modified_gmt":"2025-05-03T18:59:26","slug":"smink-tetovalas","status":"publish","type":"page","link":"https:\/\/www.brigittebeauty.hu\/en\/smink-tetovalas\/","title":{"rendered":"Smink tetov\u00e1l\u00e1s"},"content":{"rendered":"<div data-elementor-type=\"wp-page\" data-elementor-id=\"1886\" class=\"elementor elementor-1886\">\n\t\t\t\t\t\t<div class=\"elementor-inner\">\n\t\t\t\t<div class=\"elementor-section-wrap\">\n\t\t\t\t\t\t\t\t\t<section class=\"elementor-section elementor-top-section elementor-element elementor-element-582ab502 elementor-section-boxed elementor-section-height-default elementor-section-height-default\" data-id=\"582ab502\" data-element_type=\"section\" data-settings=\"{&quot;background_background&quot;:&quot;classic&quot;}\">\n\t\t\t\t\t\t<div class=\"elementor-container elementor-column-gap-default\">\n\t\t\t\t\t\t\t<div class=\"elementor-row\">\n\t\t\t\t\t<div class=\"elementor-column elementor-col-50 elementor-top-column elementor-element elementor-element-3e91204c\" data-id=\"3e91204c\" data-element_type=\"column\">\n\t\t\t<div class=\"elementor-column-wrap\">\n\t\t\t\t\t\t\t<div class=\"elementor-widget-wrap\">\n\t\t\t\t\t\t\t\t<\/div>\n\t\t\t\t\t<\/div>\n\t\t<\/div>\n\t\t\t\t<div class=\"elementor-column elementor-col-50 elementor-top-column elementor-element elementor-element-307b0711 elementor-invisible\" data-id=\"307b0711\" data-element_type=\"column\" data-settings=\"{&quot;animation&quot;:&quot;fadeInRight&quot;}\">\n\t\t\t<div class=\"elementor-column-wrap elementor-element-populated\">\n\t\t\t\t\t\t\t<div class=\"elementor-widget-wrap\">\n\t\t\t\t\t\t<div class=\"elementor-element elementor-element-62413d4f elementor-invisible elementor-widget elementor-widget-text-editor\" data-id=\"62413d4f\" data-element_type=\"widget\" data-settings=\"{&quot;_animation&quot;:&quot;fadeIn&quot;}\" data-widget_type=\"text-editor.default\">\n\t\t\t\t<div class=\"elementor-widget-container\">\n\t\t\t\t\t\t\t\t<div class=\"elementor-text-editor elementor-clearfix\">\n\t\t\t\t<p>Sz\u00e1las szem\u00f6ld\u00f6ktetov\u00e1l\u00e1s, tervez\u00e9ssel, ultraterm\u00e9szetes hat\u00e1s\u00fa, hiperrealisztikus Angel Brows forma. A szem\u00f6ld\u00f6k tetov\u00e1l\u00e1s egyik legterm\u00e9szetesebb v\u00e1ltozata, mely alig megk\u00fcl\u00f6nb\u00f6ztethet\u0151 a saj\u00e1t szem\u00f6ld\u00f6k sz\u00e1lakt\u00f3l. Organikus pigmenttel, amely nem v\u00f6r\u00f6s\u00f6dik, az eredeti sz\u00edn az id\u0151 m\u00fal\u00e1s\u00e1val sem k\u00e9k\u00fcl be.\u00a0<\/p>\t\t\t\t\t<\/div>\n\t\t\t\t\t\t<\/div>\n\t\t\t\t<\/div>\n\t\t\t\t\t\t<\/div>\n\t\t\t\t\t<\/div>\n\t\t<\/div>\n\t\t\t\t\t\t\t\t<\/div>\n\t\t\t\t\t<\/div>\n\t\t<\/section>\n\t\t\t\t<section class=\"elementor-section elementor-top-section elementor-element elementor-element-9179223 elementor-section-full_width elementor-section-height-default elementor-section-height-default\" data-id=\"9179223\" data-element_type=\"section\" data-settings=\"{&quot;background_background&quot;:&quot;classic&quot;}\">\n\t\t\t\t\t\t<div class=\"elementor-container elementor-column-gap-no\">\n\t\t\t\t\t\t\t<div class=\"elementor-row\">\n\t\t\t\t\t<div class=\"elementor-column elementor-col-50 elementor-top-column elementor-element elementor-element-33134a1\" data-id=\"33134a1\" data-element_type=\"column\">\n\t\t\t<div class=\"elementor-column-wrap elementor-element-populated\">\n\t\t\t\t\t\t\t<div class=\"elementor-widget-wrap\">\n\t\t\t\t\t\t<div class=\"elementor-element elementor-element-6edba36 elementor-widget elementor-widget-text-editor\" data-id=\"6edba36\" data-element_type=\"widget\" data-widget_type=\"text-editor.default\">\n\t\t\t\t<div class=\"elementor-widget-container\">\n\t\t\t\t\t\t\t\t<div class=\"elementor-text-editor elementor-clearfix\">\n\t\t\t\t<p>Minden korban van egy testr\u00e9sz, ami ki\u00e9rdemelt figyelmet kap, ami a sz\u00e9ps\u00e9g szimb\u00f3lum\u00e1v\u00e1 v\u00e1lt. Aki nyitott meg mostan\u00e1ban k\u00f6z\u00f6ss\u00e9gi oldalakat, abban nem maradhatott k\u00e9ts\u00e9g, hogy napjainkban ez a szem\u00f6ld\u00f6k, melynek form\u00e1z\u00e1s\u00e1ra, korrig\u00e1l\u00e1s\u00e1ra, rajzolgat\u00e1s\u00e1ra sokan \u00f3r\u00e1kat is sz\u00e1nnak naponta.<\/p><p>Miel\u0151tt hozz\u00e1fogn\u00e1nak a sminktetov\u00e1l\u00e1s elk\u00e9sz\u00edt\u00e9s\u00e9hez, k\u00f6z\u00f6sen megtervezitek az elk\u00e9pzel\u00e9seidnek \u00e9s egy\u00e9nis\u00e9gednek megfelel\u0151 form\u00e1t \u00e9s sz\u00ednt, mely el\u0151re megmutatja, hogy fog kin\u00e9zni a sminktetov\u00e1l\u00e1s.<\/p><p>A tetov\u00e1l\u00e1st a leg\u00fajabb fejleszt\u00e9s\u0171\u00a0Microblanding pen-nel\u00a0v\u00e9gzik, az egy\u00e9nileg haszn\u00e1latos t\u0171t el\u0151tted fogj\u00e1k felbontani, \u00edgy a sterilit\u00e1s garant\u00e1lt.<\/p><p>Mivel a sz\u00e1lakat az eredeti szem\u00f6ld\u00f6k sz\u0151rsz\u00e1laival azonos ir\u00e1nyba, egyenk\u00e9nt h\u00fazz\u00e1k be, a v\u00e9geredm\u00e9ny hiperrealisztikus lesz, mintha csak a term\u00e9szett\u0151l kapt\u00e1l volna angyali szem\u00f6ld\u00f6k\u00f6t.<\/p>\t\t\t\t\t<\/div>\n\t\t\t\t\t\t<\/div>\n\t\t\t\t<\/div>\n\t\t\t\t\t\t<\/div>\n\t\t\t\t\t<\/div>\n\t\t<\/div>\n\t\t\t\t<div class=\"elementor-column elementor-col-50 elementor-top-column elementor-element elementor-element-6c7e679\" data-id=\"6c7e679\" data-element_type=\"column\">\n\t\t\t<div class=\"elementor-column-wrap elementor-element-populated\">\n\t\t\t\t\t\t\t<div class=\"elementor-widget-wrap\">\n\t\t\t\t\t\t<div class=\"elementor-element elementor-element-09d30c2 elementor-aspect-ratio-11 elementor-widget elementor-widget-video\" data-id=\"09d30c2\" data-element_type=\"widget\" data-settings=\"{&quot;video_type&quot;:&quot;hosted&quot;,&quot;autoplay&quot;:&quot;yes&quot;,&quot;play_on_mobile&quot;:&quot;yes&quot;,&quot;mute&quot;:&quot;yes&quot;,&quot;loop&quot;:&quot;yes&quot;,&quot;aspect_ratio&quot;:&quot;11&quot;}\" data-widget_type=\"video.default\">\n\t\t\t\t<div class=\"elementor-widget-container\">\n\t\t\t\t\t<div class=\"e-hosted-video elementor-wrapper elementor-fit-aspect-ratio elementor-open-inline\">\n\t\t\t\t\t<video class=\"elementor-video\" src=\"http:\/\/www.brigittebeauty.hu\/wp-content\/uploads\/2023\/04\/Snapinsta.app_video_273374996_1895246363994218_5789675654640148887_n-1.mp4\" autoplay=\"\" loop=\"\" muted=\"muted\" playsinline=\"\" controlslist=\"nodownload\"><\/video>\n\t\t\t\t<\/div>\n\t\t\t\t<\/div>\n\t\t\t\t<\/div>\n\t\t\t\t\t\t<\/div>\n\t\t\t\t\t<\/div>\n\t\t<\/div>\n\t\t\t\t\t\t\t\t<\/div>\n\t\t\t\t\t<\/div>\n\t\t<\/section>\n\t\t\t\t<section class=\"elementor-section elementor-top-section elementor-element elementor-element-22168ce elementor-section-full_width elementor-section-height-default elementor-section-height-default\" data-id=\"22168ce\" data-element_type=\"section\" data-settings=\"{&quot;background_background&quot;:&quot;classic&quot;}\">\n\t\t\t\t\t\t<div class=\"elementor-container elementor-column-gap-no\">\n\t\t\t\t\t\t\t<div class=\"elementor-row\">\n\t\t\t\t\t<div class=\"elementor-column elementor-col-50 elementor-top-column elementor-element elementor-element-d333999\" data-id=\"d333999\" data-element_type=\"column\">\n\t\t\t<div class=\"elementor-column-wrap elementor-element-populated\">\n\t\t\t\t\t\t\t<div class=\"elementor-widget-wrap\">\n\t\t\t\t\t\t<div class=\"elementor-element elementor-element-65bc322 elementor-widget elementor-widget-image\" data-id=\"65bc322\" data-element_type=\"widget\" data-widget_type=\"image.default\">\n\t\t\t\t<div class=\"elementor-widget-container\">\n\t\t\t\t\t\t\t\t<div class=\"elementor-image\">\n\t\t\t\t\t\t\t\t\t\t\t\t<img width=\"1024\" height=\"1024\" src=\"https:\/\/www.brigittebeauty.hu\/wp-content\/uploads\/2023\/04\/Snapinsta.app_327104117_540727648016306_3727328655992205083_n_1080-1024x1024.jpg\" class=\"attachment-large size-large\" alt=\"\" loading=\"lazy\" srcset=\"https:\/\/www.brigittebeauty.hu\/wp-content\/uploads\/2023\/04\/Snapinsta.app_327104117_540727648016306_3727328655992205083_n_1080-1024x1024.jpg 1024w, https:\/\/www.brigittebeauty.hu\/wp-content\/uploads\/2023\/04\/Snapinsta.app_327104117_540727648016306_3727328655992205083_n_1080-300x300.jpg 300w, https:\/\/www.brigittebeauty.hu\/wp-content\/uploads\/2023\/04\/Snapinsta.app_327104117_540727648016306_3727328655992205083_n_1080-150x150.jpg 150w, https:\/\/www.brigittebeauty.hu\/wp-content\/uploads\/2023\/04\/Snapinsta.app_327104117_540727648016306_3727328655992205083_n_1080-768x768.jpg 768w, https:\/\/www.brigittebeauty.hu\/wp-content\/uploads\/2023\/04\/Snapinsta.app_327104117_540727648016306_3727328655992205083_n_1080-12x12.jpg 12w, https:\/\/www.brigittebeauty.hu\/wp-content\/uploads\/2023\/04\/Snapinsta.app_327104117_540727648016306_3727328655992205083_n_1080.jpg 1080w\" sizes=\"(max-width: 1024px) 100vw, 1024px\" \/>\t\t\t\t\t\t\t\t\t\t\t\t\t\t<\/div>\n\t\t\t\t\t\t<\/div>\n\t\t\t\t<\/div>\n\t\t\t\t\t\t<\/div>\n\t\t\t\t\t<\/div>\n\t\t<\/div>\n\t\t\t\t<div class=\"elementor-column elementor-col-50 elementor-top-column elementor-element elementor-element-2c93ecb\" data-id=\"2c93ecb\" data-element_type=\"column\">\n\t\t\t<div class=\"elementor-column-wrap elementor-element-populated\">\n\t\t\t\t\t\t\t<div class=\"elementor-widget-wrap\">\n\t\t\t\t\t\t<div class=\"elementor-element elementor-element-323cc87 elementor-widget elementor-widget-text-editor\" data-id=\"323cc87\" data-element_type=\"widget\" data-widget_type=\"text-editor.default\">\n\t\t\t\t<div class=\"elementor-widget-container\">\n\t\t\t\t\t\t\t\t<div class=\"elementor-text-editor elementor-clearfix\">\n\t\t\t\t<p>A tetov\u00e1l\u00e1ssal\u00a0<b>szebb\u00e9 tehet\u0151 az ajkak form\u00e1ja<\/b>\u00a0\u00e9s a term\u00e9szetes vonala. A sz\u00ednez\u00e9s pedig eg\u00e9szs\u00e9ges \u00e9s\u00a0<b>szexi megjelen\u00e9st k\u00f6lcs\u00f6n\u00f6z\u00a0neki.<\/b><\/p><p>\u00c9szrev\u00e9tlen\u00fcl\u00a0<b>d\u00fas\u00edthat\u00f3 vele az ajak<\/b>, de\u00a0<b>jav\u00edthat\u00f3k<\/b>\u00a0a balesetek,\u00a0<b>betegs\u00e9gek, herpeszek okozta s\u00e9r\u00fcl\u00e9sek \u00e9s a foltos fel\u00fcletek is.<\/b><\/p><p>Egyenetlen sz\u00e1jsz\u00e9l, vagy a kor el\u0151rehaladt\u00e1val fakul\u00f3 ajkak eset\u00e9n is \u00e9rdemes vele \u00e9lni.<\/p><p>Gyakran el\u0151fordul, hogy aszimmetrikus a sz\u00e1j k\u00e9t oldala. Az aszimmetri\u00e1t korrig\u00e1ljuk \u00e9s a sz\u00e1j teljes fel\u00fclet\u00e9t egy egys\u00e9ges k\u00f6z\u00f6sen kiv\u00e1lasztott sz\u00ednnel bet\u00f6ltj\u00fck.<\/p><p>F\u00e1jdalom: minim\u00e1lis<br \/>Gy\u00f3gyul\u00e1si id\u0151: 3-4-5 nap<br \/>V\u00e9gleges sz\u00edneredm\u00e9ny : 28 nap m\u00falva<br \/>Eredm\u00e9ny sz\u00edne:<br \/>30-40% -al halv\u00e1nyabb a friss tetov\u00e1l\u00e1shoz k\u00e9pest<\/p>\t\t\t\t\t<\/div>\n\t\t\t\t\t\t<\/div>\n\t\t\t\t<\/div>\n\t\t\t\t\t\t<\/div>\n\t\t\t\t\t<\/div>\n\t\t<\/div>\n\t\t\t\t\t\t\t\t<\/div>\n\t\t\t\t\t<\/div>\n\t\t<\/section>\n\t\t\t\t<section class=\"elementor-section elementor-top-section elementor-element elementor-element-a7725d2 elementor-section-full_width elementor-section-height-default elementor-section-height-default\" data-id=\"a7725d2\" data-element_type=\"section\" data-settings=\"{&quot;background_background&quot;:&quot;classic&quot;}\">\n\t\t\t\t\t\t<div class=\"elementor-container elementor-column-gap-no\">\n\t\t\t\t\t\t\t<div class=\"elementor-row\">\n\t\t\t\t\t<div class=\"elementor-column elementor-col-50 elementor-top-column elementor-element elementor-element-16923b7\" data-id=\"16923b7\" data-element_type=\"column\">\n\t\t\t<div class=\"elementor-column-wrap elementor-element-populated\">\n\t\t\t\t\t\t\t<div class=\"elementor-widget-wrap\">\n\t\t\t\t\t\t<div class=\"elementor-element elementor-element-b25ee7d elementor-widget elementor-widget-text-editor\" data-id=\"b25ee7d\" data-element_type=\"widget\" data-widget_type=\"text-editor.default\">\n\t\t\t\t<div class=\"elementor-widget-container\">\n\t\t\t\t\t\t\t\t<div class=\"elementor-text-editor elementor-clearfix\">\n\t\t\t\t<p>El sem hiszem , hogy v\u00e9gre teljes\u00fcltek az \u00e1lmaim \u00e9s \u00e9n is nemzetk\u00f6zileg elismert sminktetov\u00e1l\u00f3 lehetek \u00e9s PhiShading Artistk\u00e9nt k\u00e9pviselhetem a\u00a0<a class=\"x1i10hfl xjbqb8w x6umtig x1b1mbwd xaqea5y xav7gou x9f619 x1ypdohk xt0psk2 xe8uvvx xdj266r x11i5rnm xat24cr x1mh8g0r xexx8yu x4uap5 x18d9i69 xkhd6sd x16tdsg8 x1hl2dhg xggy1nq x1a2a7pz notranslate _a6hd\" tabindex=\"0\" role=\"link\" href=\"https:\/\/www.instagram.com\/phiacademy\/\">@phiacademy<\/a>\u00a0-t!A rengeteg befeketetett id\u0151, munka \u00e9s gyakorl\u00e1s megh\u00e1l\u00e1lja \u00f6nmag\u00e1t! Ha Te is szeretn\u00e9l egy szem\u00e9lyre szabott, nemzetk\u00f6zileg elismert , egyedi , k\u00e9zzel k\u00e9sz\u00fclt hyperrealisztikus szem\u00f6ld\u00f6k tetov\u00e1l\u00e1st , akkor jelentkezz be hozz\u00e1m\u00a0<\/p>\t\t\t\t\t<\/div>\n\t\t\t\t\t\t<\/div>\n\t\t\t\t<\/div>\n\t\t\t\t\t\t<\/div>\n\t\t\t\t\t<\/div>\n\t\t<\/div>\n\t\t\t\t<div class=\"elementor-column elementor-col-50 elementor-top-column elementor-element elementor-element-e49df04\" data-id=\"e49df04\" data-element_type=\"column\">\n\t\t\t<div class=\"elementor-column-wrap elementor-element-populated\">\n\t\t\t\t\t\t\t<div class=\"elementor-widget-wrap\">\n\t\t\t\t\t\t<div class=\"elementor-element elementor-element-4e44661 elementor-widget elementor-widget-image\" data-id=\"4e44661\" data-element_type=\"widget\" data-widget_type=\"image.default\">\n\t\t\t\t<div class=\"elementor-widget-container\">\n\t\t\t\t\t\t\t\t<div class=\"elementor-image\">\n\t\t\t\t\t\t\t\t\t\t\t\t<img width=\"1024\" height=\"726\" src=\"https:\/\/www.brigittebeauty.hu\/wp-content\/uploads\/2023\/04\/Snapinsta.app_316054073_1698429783884750_4376627886380993714_n_1080-1024x726.jpg\" class=\"attachment-large size-large\" alt=\"\" loading=\"lazy\" srcset=\"https:\/\/www.brigittebeauty.hu\/wp-content\/uploads\/2023\/04\/Snapinsta.app_316054073_1698429783884750_4376627886380993714_n_1080-1024x726.jpg 1024w, https:\/\/www.brigittebeauty.hu\/wp-content\/uploads\/2023\/04\/Snapinsta.app_316054073_1698429783884750_4376627886380993714_n_1080-300x213.jpg 300w, https:\/\/www.brigittebeauty.hu\/wp-content\/uploads\/2023\/04\/Snapinsta.app_316054073_1698429783884750_4376627886380993714_n_1080-768x545.jpg 768w, https:\/\/www.brigittebeauty.hu\/wp-content\/uploads\/2023\/04\/Snapinsta.app_316054073_1698429783884750_4376627886380993714_n_1080-18x12.jpg 18w, https:\/\/www.brigittebeauty.hu\/wp-content\/uploads\/2023\/04\/Snapinsta.app_316054073_1698429783884750_4376627886380993714_n_1080.jpg 1080w\" sizes=\"(max-width: 1024px) 100vw, 1024px\" \/>\t\t\t\t\t\t\t\t\t\t\t\t\t\t<\/div>\n\t\t\t\t\t\t<\/div>\n\t\t\t\t<\/div>\n\t\t\t\t\t\t<\/div>\n\t\t\t\t\t<\/div>\n\t\t<\/div>\n\t\t\t\t\t\t\t\t<\/div>\n\t\t\t\t\t<\/div>\n\t\t<\/section>\n\t\t\t\t<section class=\"elementor-section elementor-top-section elementor-element elementor-element-1414330e elementor-section-full_width elementor-section-height-default elementor-section-height-default\" data-id=\"1414330e\" data-element_type=\"section\">\n\t\t\t\t\t\t<div class=\"elementor-container elementor-column-gap-default\">\n\t\t\t\t\t\t\t<div class=\"elementor-row\">\n\t\t\t\t\t<div class=\"elementor-column elementor-col-100 elementor-top-column elementor-element elementor-element-2f9e2ef0\" data-id=\"2f9e2ef0\" data-element_type=\"column\">\n\t\t\t<div class=\"elementor-column-wrap elementor-element-populated\">\n\t\t\t\t\t\t\t<div class=\"elementor-widget-wrap\">\n\t\t\t\t\t\t<div class=\"elementor-element elementor-element-7188bda2 elementor-widget elementor-widget-image-carousel\" data-id=\"7188bda2\" data-element_type=\"widget\" data-settings=\"{&quot;slides_to_show&quot;:&quot;5&quot;,&quot;navigation&quot;:&quot;none&quot;,&quot;slides_to_show_tablet&quot;:&quot;3&quot;,&quot;slides_to_show_mobile&quot;:&quot;3&quot;,&quot;autoplay&quot;:&quot;yes&quot;,&quot;pause_on_hover&quot;:&quot;yes&quot;,&quot;pause_on_interaction&quot;:&quot;yes&quot;,&quot;autoplay_speed&quot;:5000,&quot;infinite&quot;:&quot;yes&quot;,&quot;speed&quot;:500}\" data-widget_type=\"image-carousel.default\">\n\t\t\t\t<div class=\"elementor-widget-container\">\n\t\t\t\t\t<div class=\"elementor-image-carousel-wrapper swiper-container\" dir=\"ltr\">\n\t\t\t<div class=\"elementor-image-carousel swiper-wrapper\">\n\t\t\t\t\t\t\t\t<div class=\"swiper-slide\"><figure class=\"swiper-slide-inner\"><img class=\"swiper-slide-image\" src=\"https:\/\/www.brigittebeauty.hu\/wp-content\/uploads\/2024\/10\/IMG_6231.jpg\" alt=\"IMG_6231\" \/><\/figure><\/div><div class=\"swiper-slide\"><figure class=\"swiper-slide-inner\"><img class=\"swiper-slide-image\" src=\"https:\/\/www.brigittebeauty.hu\/wp-content\/uploads\/2024\/10\/image_6483441-1.jpg\" alt=\"image_6483441 (1)\" \/><\/figure><\/div><div class=\"swiper-slide\"><figure class=\"swiper-slide-inner\"><img class=\"swiper-slide-image\" src=\"https:\/\/www.brigittebeauty.hu\/wp-content\/uploads\/2023\/04\/Snapinsta.app_313810427_135968628972772_1615464750914250014_n_1080-1.jpg\" alt=\"Snapinsta.app_313810427_135968628972772_1615464750914250014_n_1080\" \/><\/figure><\/div><div class=\"swiper-slide\"><figure class=\"swiper-slide-inner\"><img class=\"swiper-slide-image\" src=\"https:\/\/www.brigittebeauty.hu\/wp-content\/uploads\/2023\/04\/Snapinsta.app_327581039_1274149903516691_3642280841261054846_n_1080-1.jpg\" alt=\"Snapinsta.app_327581039_1274149903516691_3642280841261054846_n_1080\" \/><\/figure><\/div><div class=\"swiper-slide\"><figure class=\"swiper-slide-inner\"><img class=\"swiper-slide-image\" src=\"https:\/\/www.brigittebeauty.hu\/wp-content\/uploads\/2023\/04\/Snapinsta.app_327164137_2979198035707296_1483819381556606091_n_1080.jpg\" alt=\"Snapinsta.app_327164137_2979198035707296_1483819381556606091_n_1080\" \/><\/figure><\/div><div class=\"swiper-slide\"><figure class=\"swiper-slide-inner\"><img class=\"swiper-slide-image\" src=\"https:\/\/www.brigittebeauty.hu\/wp-content\/uploads\/2023\/04\/Snapinsta.app_273155774_636377747574318_8227053887678590921_n_1080-1.jpg\" alt=\"Snapinsta.app_273155774_636377747574318_8227053887678590921_n_1080\" \/><\/figure><\/div><div class=\"swiper-slide\"><figure class=\"swiper-slide-inner\"><img class=\"swiper-slide-image\" src=\"https:\/\/www.brigittebeauty.hu\/wp-content\/uploads\/2023\/04\/Snapinsta.app_315451622_820384092551909_5335034955130702337_n_1080.jpg\" alt=\"Snapinsta.app_315451622_820384092551909_5335034955130702337_n_1080\" \/><\/figure><\/div>\t\t\t<\/div>\n\t\t\t\t\t\t\t\t\t\t\t\t\t\t\t\t<\/div>\n\t\t\t\t<\/div>\n\t\t\t\t<\/div>\n\t\t\t\t\t\t<\/div>\n\t\t\t\t\t<\/div>\n\t\t<\/div>\n\t\t\t\t\t\t\t\t<\/div>\n\t\t\t\t\t<\/div>\n\t\t<\/section>\n\t\t\t\t\t\t\t\t\t<\/div>\n\t\t\t<\/div>\n\t\t\t\t\t<\/div>","protected":false},"excerpt":{"rendered":"Sz\u00e1las szem\u00f6ld\u00f6ktetov\u00e1l\u00e1s, tervez\u00e9ssel, ultraterm\u00e9szetes hat\u00e1s\u00fa, hiperrealisztikus Angel Brows forma. A szem\u00f6ld\u00f6k tetov\u00e1l\u00e1s egyik legterm\u00e9szetesebb v\u00e1ltozata, mely alig megk\u00fcl\u00f6nb\u00f6ztethet\u0151 a saj\u00e1t szem\u00f6ld\u00f6k sz\u00e1lakt\u00f3l. Organikus pigmenttel, amely nem v\u00f6r\u00f6s\u00f6dik, az eredeti sz\u00edn az id\u0151 m\u00fal\u00e1s\u00e1val sem k\u00e9k\u00fcl be.\u00a0 Minden korban van egy testr\u00e9sz, ami ki\u00e9rdemelt figyelmet kap, ami a sz\u00e9ps\u00e9g szimb\u00f3lum\u00e1v\u00e1 v\u00e1lt. Aki nyitott meg mostan\u00e1ban k\u00f6z\u00f6ss\u00e9gi","protected":false},"author":1,"featured_media":0,"parent":0,"menu_order":0,"comment_status":"closed","ping_status":"closed","template":"elementor_header_footer","meta":{"om_disable_all_campaigns":false,"_mi_skip_tracking":false},"aioseo_notices":[],"_links":{"self":[{"href":"https:\/\/www.brigittebeauty.hu\/en\/wp-json\/wp\/v2\/pages\/1886"}],"collection":[{"href":"https:\/\/www.brigittebeauty.hu\/en\/wp-json\/wp\/v2\/pages"}],"about":[{"href":"https:\/\/www.brigittebeauty.hu\/en\/wp-json\/wp\/v2\/types\/page"}],"author":[{"embeddable":true,"href":"https:\/\/www.brigittebeauty.hu\/en\/wp-json\/wp\/v2\/users\/1"}],"replies":[{"embeddable":true,"href":"https:\/\/www.brigittebeauty.hu\/en\/wp-json\/wp\/v2\/comments?post=1886"}],"version-history":[{"count":17,"href":"https:\/\/www.brigittebeauty.hu\/en\/wp-json\/wp\/v2\/pages\/1886\/revisions"}],"predecessor-version":[{"id":2086,"href":"https:\/\/www.brigittebeauty.hu\/en\/wp-json\/wp\/v2\/pages\/1886\/revisions\/2086"}],"wp:attachment":[{"href":"https:\/\/www.brigittebeauty.hu\/en\/wp-json\/wp\/v2\/media?parent=1886"}],"curies":[{"name":"wp","href":"https:\/\/api.w.org\/{rel}","templated":true}]}}