{"id":2016,"date":"2025-04-24T11:34:42","date_gmt":"2025-04-24T09:34:42","guid":{"rendered":"https:\/\/www.brigittebeauty.hu\/?page_id=2016"},"modified":"2025-04-24T11:37:46","modified_gmt":"2025-04-24T09:37:46","slug":"adatvedelmi-nyilatkozat","status":"publish","type":"page","link":"https:\/\/www.brigittebeauty.hu\/en\/adatvedelmi-nyilatkozat\/","title":{"rendered":"Adatv\u00e9delmi nyilatkozat"},"content":{"rendered":"<div data-elementor-type=\"wp-page\" data-elementor-id=\"2016\" class=\"elementor elementor-2016\">\n\t\t\t\t\t\t<div class=\"elementor-inner\">\n\t\t\t\t<div class=\"elementor-section-wrap\">\n\t\t\t\t\t\t\t\t\t<section class=\"elementor-section elementor-top-section elementor-element elementor-element-265b530 elementor-section-boxed elementor-section-height-default elementor-section-height-default\" data-id=\"265b530\" data-element_type=\"section\">\n\t\t\t\t\t\t<div class=\"elementor-container elementor-column-gap-default\">\n\t\t\t\t\t\t\t<div class=\"elementor-row\">\n\t\t\t\t\t<div class=\"elementor-column elementor-col-100 elementor-top-column elementor-element elementor-element-e49ea31\" data-id=\"e49ea31\" data-element_type=\"column\">\n\t\t\t<div class=\"elementor-column-wrap elementor-element-populated\">\n\t\t\t\t\t\t\t<div class=\"elementor-widget-wrap\">\n\t\t\t\t\t\t<div class=\"elementor-element elementor-element-f7bf2c6 elementor-widget elementor-widget-heading\" data-id=\"f7bf2c6\" data-element_type=\"widget\" data-widget_type=\"heading.default\">\n\t\t\t\t<div class=\"elementor-widget-container\">\n\t\t\t<h2 class=\"elementor-heading-title elementor-size-default\">Adatv\u00e9delmi nyilatkozat<\/h2>\t\t<\/div>\n\t\t\t\t<\/div>\n\t\t\t\t\t\t<\/div>\n\t\t\t\t\t<\/div>\n\t\t<\/div>\n\t\t\t\t\t\t\t\t<\/div>\n\t\t\t\t\t<\/div>\n\t\t<\/section>\n\t\t\t\t<section class=\"elementor-section elementor-top-section elementor-element elementor-element-66c2271 elementor-section-boxed elementor-section-height-default elementor-section-height-default\" data-id=\"66c2271\" data-element_type=\"section\">\n\t\t\t\t\t\t<div class=\"elementor-container elementor-column-gap-default\">\n\t\t\t\t\t\t\t<div class=\"elementor-row\">\n\t\t\t\t\t<div class=\"elementor-column elementor-col-100 elementor-top-column elementor-element elementor-element-34bb5a9\" data-id=\"34bb5a9\" data-element_type=\"column\">\n\t\t\t<div class=\"elementor-column-wrap elementor-element-populated\">\n\t\t\t\t\t\t\t<div class=\"elementor-widget-wrap\">\n\t\t\t\t\t\t<div class=\"elementor-element elementor-element-7c2eec5 elementor-widget elementor-widget-text-editor\" data-id=\"7c2eec5\" data-element_type=\"widget\" data-widget_type=\"text-editor.default\">\n\t\t\t\t<div class=\"elementor-widget-container\">\n\t\t\t\t\t\t\t\t<div class=\"elementor-text-editor elementor-clearfix\">\n\t\t\t\t<p><strong>1. Adatkezel\u0151:<\/strong> Brigitte Beauty Studio &#8211; Vanyoczky Brigitta EV.<\/p><p>C\u00edm: 1027 Budapest, Bem J\u00f3zsef utca 12. E-mail:\u00a0<a>info@brigittebeauty.hu<\/a><\/p><p><strong>2. Kezelt adatok k\u00f6re:<\/strong>\u00a0A szolg\u00e1ltat\u00e1s ig\u00e9nybev\u00e9tel\u00e9hez kapcsol\u00f3d\u00f3an a k\u00f6vetkez\u0151 szem\u00e9lyes adatokat kezelj\u00fck:<\/p><ul data-spread=\"false\"><li><p>Name<\/p><\/li><li><p>Telefonsz\u00e1m<\/p><\/li><li><p>E-mail c\u00edm<\/p><\/li><li><p>Szolg\u00e1ltat\u00e1s ig\u00e9nybev\u00e9tel\u00e9hez kapcsol\u00f3d\u00f3 inform\u00e1ci\u00f3k<\/p><\/li><\/ul><p><strong>3. Adatkezel\u00e9s c\u00e9lja:<\/strong><\/p><ul data-spread=\"false\"><li><p>Id\u0151pontfoglal\u00e1sok kezel\u00e9se<\/p><\/li><li><p>Kapcsolattart\u00e1s \u00fcgyfeleinkkel<\/p><\/li><li><p>Szolg\u00e1ltat\u00e1sok ny\u00fajt\u00e1sa \u00e9s dokument\u00e1l\u00e1sa<\/p><\/li><\/ul><p><strong>4. Az adatkezel\u00e9s jogalapja:<\/strong>\u00a0Az \u00d6n hozz\u00e1j\u00e1rul\u00e1sa (GDPR 6. cikk (1) bekezd\u00e9s a) pont).<\/p><p><strong>5. Adatok t\u00e1rol\u00e1s\u00e1nak id\u0151tartama:<\/strong>\u00a0Szem\u00e9lyes adatait az adatkezel\u00e9si c\u00e9l megval\u00f3sul\u00e1s\u00e1ig vagy hozz\u00e1j\u00e1rul\u00e1sa visszavon\u00e1s\u00e1ig t\u00e1roljuk.<\/p><p><strong>6. Adatbiztons\u00e1g:<\/strong>\u00a0Az adatokat bizalmasan kezelj\u00fck, technikai \u00e9s szervez\u00e9si int\u00e9zked\u00e9sekkel gondoskodunk azok biztons\u00e1g\u00e1r\u00f3l.<\/p><p><strong>7. Az \u00e9rintettek jogai:<\/strong>\u00a0\u00d6n jogosult:<\/p><ul data-spread=\"false\"><li><p>T\u00e1j\u00e9koztat\u00e1st k\u00e9rni szem\u00e9lyes adatai kezel\u00e9s\u00e9r\u0151l<\/p><\/li><li><p>Szem\u00e9lyes adatainak helyesb\u00edt\u00e9s\u00e9t, t\u00f6rl\u00e9s\u00e9t vagy korl\u00e1toz\u00e1s\u00e1t k\u00e9rni<\/p><\/li><li><p>Tiltakozni szem\u00e9lyes adatainak kezel\u00e9se ellen<\/p><\/li><li><p>Adathordozhat\u00f3s\u00e1ghoz val\u00f3 jog\u00e1t gyakorolni<\/p><\/li><\/ul><p><strong>8. Panaszt\u00e9tel:<\/strong>\u00a0Jogosults\u00e1ga van panaszt beny\u00fajtani a Nemzeti Adatv\u00e9delmi \u00e9s Inform\u00e1ci\u00f3szabads\u00e1g Hat\u00f3s\u00e1ghoz (NAIH).<\/p><p>Nemzeti Adatv\u00e9delmi \u00e9s Inform\u00e1ci\u00f3szabads\u00e1g Hat\u00f3s\u00e1g Sz\u00e9khely: 1055 Budapest, Falk Miksa utca 9-11. Weboldal:\u00a0<a>www.naih.hu<\/a><\/p><p><strong>9. Kapcsolat:<\/strong>\u00a0Amennyiben k\u00e9rd\u00e9se lenne adatai kezel\u00e9s\u00e9vel kapcsolatban, k\u00e9rj\u00fck, vegye fel vel\u00fcnk a kapcsolatot az\u00a0<a>info@brigittebeauty.hu<\/a>\u00a0c\u00edmen.<\/p>\t\t\t\t\t<\/div>\n\t\t\t\t\t\t<\/div>\n\t\t\t\t<\/div>\n\t\t\t\t\t\t<\/div>\n\t\t\t\t\t<\/div>\n\t\t<\/div>\n\t\t\t\t\t\t\t\t<\/div>\n\t\t\t\t\t<\/div>\n\t\t<\/section>\n\t\t\t\t\t\t\t\t\t<\/div>\n\t\t\t<\/div>\n\t\t\t\t\t<\/div>","protected":false},"excerpt":{"rendered":"Adatv\u00e9delmi nyilatkozat 1. Adatkezel\u0151: Brigitte Beauty Studio &#8211; Vanyoczky Brigitta EV. C\u00edm: 1027 Budapest, Bem J\u00f3zsef utca 12. E-mail:&nbsp;info@brigittebeauty.hu 2. Kezelt adatok k\u00f6re:&nbsp;A szolg\u00e1ltat\u00e1s ig\u00e9nybev\u00e9tel\u00e9hez kapcsol\u00f3d\u00f3an a k\u00f6vetkez\u0151 szem\u00e9lyes adatokat kezelj\u00fck: N\u00e9v Telefonsz\u00e1m E-mail c\u00edm Szolg\u00e1ltat\u00e1s ig\u00e9nybev\u00e9tel\u00e9hez kapcsol\u00f3d\u00f3 inform\u00e1ci\u00f3k 3. Adatkezel\u00e9s c\u00e9lja: Id\u0151pontfoglal\u00e1sok kezel\u00e9se Kapcsolattart\u00e1s \u00fcgyfeleinkkel Szolg\u00e1ltat\u00e1sok ny\u00fajt\u00e1sa \u00e9s dokument\u00e1l\u00e1sa 4. Az adatkezel\u00e9s jogalapja:&nbsp;Az \u00d6n","protected":false},"author":1,"featured_media":0,"parent":0,"menu_order":0,"comment_status":"closed","ping_status":"closed","template":"","meta":{"om_disable_all_campaigns":false,"_mi_skip_tracking":false},"aioseo_notices":[],"_links":{"self":[{"href":"https:\/\/www.brigittebeauty.hu\/en\/wp-json\/wp\/v2\/pages\/2016"}],"collection":[{"href":"https:\/\/www.brigittebeauty.hu\/en\/wp-json\/wp\/v2\/pages"}],"about":[{"href":"https:\/\/www.brigittebeauty.hu\/en\/wp-json\/wp\/v2\/types\/page"}],"author":[{"embeddable":true,"href":"https:\/\/www.brigittebeauty.hu\/en\/wp-json\/wp\/v2\/users\/1"}],"replies":[{"embeddable":true,"href":"https:\/\/www.brigittebeauty.hu\/en\/wp-json\/wp\/v2\/comments?post=2016"}],"version-history":[{"count":5,"href":"https:\/\/www.brigittebeauty.hu\/en\/wp-json\/wp\/v2\/pages\/2016\/revisions"}],"predecessor-version":[{"id":2024,"href":"https:\/\/www.brigittebeauty.hu\/en\/wp-json\/wp\/v2\/pages\/2016\/revisions\/2024"}],"wp:attachment":[{"href":"https:\/\/www.brigittebeauty.hu\/en\/wp-json\/wp\/v2\/media?parent=2016"}],"curies":[{"name":"wp","href":"https:\/\/api.w.org\/{rel}","templated":true}]}}