{"id":210,"date":"2019-11-17T15:53:47","date_gmt":"2019-11-17T15:53:47","guid":{"rendered":"http:\/\/www.brigittebeauty.hu\/?page_id=210"},"modified":"2022-03-06T22:00:03","modified_gmt":"2022-03-06T21:00:03","slug":"bodyart-festes","status":"publish","type":"page","link":"https:\/\/www.brigittebeauty.hu\/en\/bodyart-festes\/","title":{"rendered":"Bodyart"},"content":{"rendered":"<div data-elementor-type=\"wp-page\" data-elementor-id=\"210\" class=\"elementor elementor-210\">\n\t\t\t\t\t\t<div class=\"elementor-inner\">\n\t\t\t\t<div class=\"elementor-section-wrap\">\n\t\t\t\t\t\t\t\t\t<section class=\"elementor-section elementor-top-section elementor-element elementor-element-e545b61 elementor-section-full_width elementor-section-height-default elementor-section-height-default\" data-id=\"e545b61\" data-element_type=\"section\" data-settings=\"{&quot;background_background&quot;:&quot;classic&quot;}\">\n\t\t\t\t\t\t<div class=\"elementor-container elementor-column-gap-no\">\n\t\t\t\t\t\t\t<div class=\"elementor-row\">\n\t\t\t\t\t<div class=\"elementor-column elementor-col-50 elementor-top-column elementor-element elementor-element-597f5b1\" data-id=\"597f5b1\" data-element_type=\"column\">\n\t\t\t<div class=\"elementor-column-wrap elementor-element-populated\">\n\t\t\t\t\t\t\t<div class=\"elementor-widget-wrap\">\n\t\t\t\t\t\t<div class=\"elementor-element elementor-element-cbc86e6 elementor-widget elementor-widget-heading\" data-id=\"cbc86e6\" data-element_type=\"widget\" data-widget_type=\"heading.default\">\n\t\t\t\t<div class=\"elementor-widget-container\">\n\t\t\t<h2 class=\"elementor-heading-title elementor-size-default\">Body Art Testfest\u00e9s <\/h2>\t\t<\/div>\n\t\t\t\t<\/div>\n\t\t\t\t<div class=\"elementor-element elementor-element-bff0f14 elementor-widget elementor-widget-text-editor\" data-id=\"bff0f14\" data-element_type=\"widget\" data-widget_type=\"text-editor.default\">\n\t\t\t\t<div class=\"elementor-widget-container\">\n\t\t\t\t\t\t\t\t<div class=\"elementor-text-editor elementor-clearfix\">\n\t\t\t\t<p><span style=\"color: #ffffff;\">A\u00a0testfest\u00e9s a fest\u00e9s egy olyan form\u00e1ja, mely sor\u00e1n k\u00fcl\u00f6nb\u00f6z\u0151 t\u00edpus\u00fa fest\u00e9kkel az emberi b\u0151rre k\u00e9sz\u00fcl vizu\u00e1lis alkot\u00e1s. A \u201etestfest\u00e9s\u201d sz\u00f3 k\u00e9t jelent\u00e9se:<\/span><\/p><ul><li><span style=\"color: #ffffff;\">nagy m\u00e9ret\u0171, az eg\u00e9sz testet befed\u0151 fest\u00e9s<\/span><\/li><li><span style=\"color: #ffffff;\">gy\u0171jt\u0151fogalom, melybe beletartoznak a kisebb m\u00e9ret\u0171, k\u00fcl\u00f6nf\u00e9le technik\u00e1val k\u00e9sz\u00edtett, k\u00f6nnyen elt\u00e1vol\u00edthat\u00f3 testfest\u00e9sek, mint p\u00e9ld\u00e1ul a hennafest\u00e9s, arcfest\u00e9s vagy a csill\u00e1mos testfest\u00e9s.<\/span><\/li><\/ul><p><span style=\"color: #ffffff;\">Az arcra k\u00e9sz\u00edtett testfest\u00e9s neve arcfest\u00e9s. A kisebb m\u00e9ret\u0171, b\u0151rre k\u00e9sz\u00edtett testfest\u00e9st ideiglenes tetov\u00e1l\u00e1snak is szokt\u00e1k nevezni.<\/span><\/p>\t\t\t\t\t<\/div>\n\t\t\t\t\t\t<\/div>\n\t\t\t\t<\/div>\n\t\t\t\t\t\t<\/div>\n\t\t\t\t\t<\/div>\n\t\t<\/div>\n\t\t\t\t<div class=\"elementor-column elementor-col-50 elementor-top-column elementor-element elementor-element-319be59\" data-id=\"319be59\" data-element_type=\"column\">\n\t\t\t<div class=\"elementor-column-wrap elementor-element-populated\">\n\t\t\t\t\t\t\t<div class=\"elementor-widget-wrap\">\n\t\t\t\t\t\t<div class=\"elementor-element elementor-element-d18754b elementor-widget elementor-widget-image\" data-id=\"d18754b\" data-element_type=\"widget\" data-widget_type=\"image.default\">\n\t\t\t\t<div class=\"elementor-widget-container\">\n\t\t\t\t\t\t\t\t<div class=\"elementor-image\">\n\t\t\t\t\t\t\t\t\t\t\t\t<img width=\"1024\" height=\"1024\" src=\"https:\/\/www.brigittebeauty.hu\/wp-content\/uploads\/2022\/01\/124582227_366338817767544_9137938369494938466_n-1024x1024.jpg\" class=\"attachment-large size-large\" alt=\"\" loading=\"lazy\" srcset=\"https:\/\/www.brigittebeauty.hu\/wp-content\/uploads\/2022\/01\/124582227_366338817767544_9137938369494938466_n-1024x1024.jpg 1024w, https:\/\/www.brigittebeauty.hu\/wp-content\/uploads\/2022\/01\/124582227_366338817767544_9137938369494938466_n-150x150.jpg 150w, https:\/\/www.brigittebeauty.hu\/wp-content\/uploads\/2022\/01\/124582227_366338817767544_9137938369494938466_n-300x300.jpg 300w, https:\/\/www.brigittebeauty.hu\/wp-content\/uploads\/2022\/01\/124582227_366338817767544_9137938369494938466_n-768x768.jpg 768w, https:\/\/www.brigittebeauty.hu\/wp-content\/uploads\/2022\/01\/124582227_366338817767544_9137938369494938466_n.jpg 1080w\" sizes=\"(max-width: 1024px) 100vw, 1024px\" \/>\t\t\t\t\t\t\t\t\t\t\t\t\t\t<\/div>\n\t\t\t\t\t\t<\/div>\n\t\t\t\t<\/div>\n\t\t\t\t\t\t<\/div>\n\t\t\t\t\t<\/div>\n\t\t<\/div>\n\t\t\t\t\t\t\t\t<\/div>\n\t\t\t\t\t<\/div>\n\t\t<\/section>\n\t\t\t\t<section class=\"elementor-section elementor-top-section elementor-element elementor-element-6514a91 elementor-section-full_width elementor-section-height-default elementor-section-height-default\" data-id=\"6514a91\" data-element_type=\"section\">\n\t\t\t\t\t\t<div class=\"elementor-container elementor-column-gap-default\">\n\t\t\t\t\t\t\t<div class=\"elementor-row\">\n\t\t\t\t\t<div class=\"elementor-column elementor-col-33 elementor-top-column elementor-element elementor-element-72b93c0\" data-id=\"72b93c0\" data-element_type=\"column\">\n\t\t\t<div class=\"elementor-column-wrap elementor-element-populated\">\n\t\t\t\t\t\t\t<div class=\"elementor-widget-wrap\">\n\t\t\t\t\t\t<div class=\"elementor-element elementor-element-ebb5d43 elementor-widget elementor-widget-image\" data-id=\"ebb5d43\" data-element_type=\"widget\" data-widget_type=\"image.default\">\n\t\t\t\t<div class=\"elementor-widget-container\">\n\t\t\t\t\t\t\t\t<div class=\"elementor-image\">\n\t\t\t\t\t\t\t\t\t\t\t\t<img width=\"740\" height=\"736\" src=\"https:\/\/www.brigittebeauty.hu\/wp-content\/uploads\/2021\/02\/IMG_4488.jpg\" class=\"attachment-large size-large\" alt=\"\" loading=\"lazy\" srcset=\"https:\/\/www.brigittebeauty.hu\/wp-content\/uploads\/2021\/02\/IMG_4488.jpg 740w, https:\/\/www.brigittebeauty.hu\/wp-content\/uploads\/2021\/02\/IMG_4488-150x150.jpg 150w, https:\/\/www.brigittebeauty.hu\/wp-content\/uploads\/2021\/02\/IMG_4488-300x298.jpg 300w\" sizes=\"(max-width: 740px) 100vw, 740px\" \/>\t\t\t\t\t\t\t\t\t\t\t\t\t\t<\/div>\n\t\t\t\t\t\t<\/div>\n\t\t\t\t<\/div>\n\t\t\t\t\t\t<\/div>\n\t\t\t\t\t<\/div>\n\t\t<\/div>\n\t\t\t\t<div class=\"elementor-column elementor-col-33 elementor-top-column elementor-element elementor-element-3c17c2b\" data-id=\"3c17c2b\" data-element_type=\"column\">\n\t\t\t<div class=\"elementor-column-wrap elementor-element-populated\">\n\t\t\t\t\t\t\t<div class=\"elementor-widget-wrap\">\n\t\t\t\t\t\t<div class=\"elementor-element elementor-element-f493c0c elementor-widget elementor-widget-image\" data-id=\"f493c0c\" data-element_type=\"widget\" data-widget_type=\"image.default\">\n\t\t\t\t<div class=\"elementor-widget-container\">\n\t\t\t\t\t\t\t\t<div class=\"elementor-image\">\n\t\t\t\t\t\t\t\t\t\t\t\t<img width=\"960\" height=\"960\" src=\"https:\/\/www.brigittebeauty.hu\/wp-content\/uploads\/2019\/11\/birthofvenus.jpg\" class=\"attachment-large size-large\" alt=\"\" loading=\"lazy\" srcset=\"https:\/\/www.brigittebeauty.hu\/wp-content\/uploads\/2019\/11\/birthofvenus.jpg 960w, https:\/\/www.brigittebeauty.hu\/wp-content\/uploads\/2019\/11\/birthofvenus-150x150.jpg 150w, https:\/\/www.brigittebeauty.hu\/wp-content\/uploads\/2019\/11\/birthofvenus-300x300.jpg 300w, https:\/\/www.brigittebeauty.hu\/wp-content\/uploads\/2019\/11\/birthofvenus-768x768.jpg 768w\" sizes=\"(max-width: 960px) 100vw, 960px\" \/>\t\t\t\t\t\t\t\t\t\t\t\t\t\t<\/div>\n\t\t\t\t\t\t<\/div>\n\t\t\t\t<\/div>\n\t\t\t\t\t\t<\/div>\n\t\t\t\t\t<\/div>\n\t\t<\/div>\n\t\t\t\t<div class=\"elementor-column elementor-col-33 elementor-top-column elementor-element elementor-element-15333fc\" data-id=\"15333fc\" data-element_type=\"column\">\n\t\t\t<div class=\"elementor-column-wrap elementor-element-populated\">\n\t\t\t\t\t\t\t<div class=\"elementor-widget-wrap\">\n\t\t\t\t\t\t<div class=\"elementor-element elementor-element-646a876 elementor-widget elementor-widget-image\" data-id=\"646a876\" data-element_type=\"widget\" data-widget_type=\"image.default\">\n\t\t\t\t<div class=\"elementor-widget-container\">\n\t\t\t\t\t\t\t\t<div class=\"elementor-image\">\n\t\t\t\t\t\t\t\t\t\t\t\t<img width=\"750\" height=\"664\" src=\"https:\/\/www.brigittebeauty.hu\/wp-content\/uploads\/2022\/01\/83135249_117569866432438_4784135603316024326_n.jpg\" class=\"attachment-large size-large\" alt=\"\" loading=\"lazy\" srcset=\"https:\/\/www.brigittebeauty.hu\/wp-content\/uploads\/2022\/01\/83135249_117569866432438_4784135603316024326_n.jpg 750w, https:\/\/www.brigittebeauty.hu\/wp-content\/uploads\/2022\/01\/83135249_117569866432438_4784135603316024326_n-300x266.jpg 300w\" sizes=\"(max-width: 750px) 100vw, 750px\" \/>\t\t\t\t\t\t\t\t\t\t\t\t\t\t<\/div>\n\t\t\t\t\t\t<\/div>\n\t\t\t\t<\/div>\n\t\t\t\t\t\t<\/div>\n\t\t\t\t\t<\/div>\n\t\t<\/div>\n\t\t\t\t\t\t\t\t<\/div>\n\t\t\t\t\t<\/div>\n\t\t<\/section>\n\t\t\t\t<section class=\"elementor-section elementor-top-section elementor-element elementor-element-63168a6 elementor-section-full_width elementor-section-height-default elementor-section-height-default\" data-id=\"63168a6\" data-element_type=\"section\" data-settings=\"{&quot;background_background&quot;:&quot;classic&quot;}\">\n\t\t\t\t\t\t<div class=\"elementor-container elementor-column-gap-no\">\n\t\t\t\t\t\t\t<div class=\"elementor-row\">\n\t\t\t\t\t<div class=\"elementor-column elementor-col-50 elementor-top-column elementor-element elementor-element-04dab04\" data-id=\"04dab04\" data-element_type=\"column\">\n\t\t\t<div class=\"elementor-column-wrap elementor-element-populated\">\n\t\t\t\t\t\t\t<div class=\"elementor-widget-wrap\">\n\t\t\t\t\t\t<div class=\"elementor-element elementor-element-027ce0c elementor-widget elementor-widget-image\" data-id=\"027ce0c\" data-element_type=\"widget\" data-widget_type=\"image.default\">\n\t\t\t\t<div class=\"elementor-widget-container\">\n\t\t\t\t\t\t\t\t<div class=\"elementor-image\">\n\t\t\t\t\t\t\t\t\t\t\t\t<img width=\"729\" height=\"563\" src=\"https:\/\/www.brigittebeauty.hu\/wp-content\/uploads\/2021\/02\/cbbed07af681b0be5e444e02d694cd8e-e1643546857941.jpg\" class=\"attachment-large size-large\" alt=\"\" loading=\"lazy\" srcset=\"https:\/\/www.brigittebeauty.hu\/wp-content\/uploads\/2021\/02\/cbbed07af681b0be5e444e02d694cd8e-e1643546857941.jpg 729w, https:\/\/www.brigittebeauty.hu\/wp-content\/uploads\/2021\/02\/cbbed07af681b0be5e444e02d694cd8e-e1643546857941-300x232.jpg 300w\" sizes=\"(max-width: 729px) 100vw, 729px\" \/>\t\t\t\t\t\t\t\t\t\t\t\t\t\t<\/div>\n\t\t\t\t\t\t<\/div>\n\t\t\t\t<\/div>\n\t\t\t\t\t\t<\/div>\n\t\t\t\t\t<\/div>\n\t\t<\/div>\n\t\t\t\t<div class=\"elementor-column elementor-col-50 elementor-top-column elementor-element elementor-element-f598efe\" data-id=\"f598efe\" data-element_type=\"column\">\n\t\t\t<div class=\"elementor-column-wrap elementor-element-populated\">\n\t\t\t\t\t\t\t<div class=\"elementor-widget-wrap\">\n\t\t\t\t\t\t<div class=\"elementor-element elementor-element-6fef1d4 elementor-widget elementor-widget-text-editor\" data-id=\"6fef1d4\" data-element_type=\"widget\" data-widget_type=\"text-editor.default\">\n\t\t\t\t<div class=\"elementor-widget-container\">\n\t\t\t\t\t\t\t\t<div class=\"elementor-text-editor elementor-clearfix\">\n\t\t\t\t<p>A modern, v\u00edzb\u00e1zis\u00fa arc- \u00e9s testfest\u00e9kek a kozmetikai el\u0151\u00edr\u00e1soknak megfelel\u0151 alap- \u00e9s adal\u00e9kanyagok felhaszn\u00e1l\u00e1s\u00e1val k\u00e9sz\u00fclnek. Nem m\u00e9rgez\u0151, antiallerg\u00e9n fest\u00e9kek ezek, legt\u00f6bbj\u00fck v\u00edzzel egyszer\u0171en elt\u00e1vol\u00edthat\u00f3. K\u00e9zzel, ecsettel, szintetikus vagy term\u00e9szetes szivaccsal \u00e9s airbrush fest\u00e9ksz\u00f3r\u00f3val vihet\u0151k fel a b\u0151rre.<\/p>\t\t\t\t\t<\/div>\n\t\t\t\t\t\t<\/div>\n\t\t\t\t<\/div>\n\t\t\t\t\t\t<\/div>\n\t\t\t\t\t<\/div>\n\t\t<\/div>\n\t\t\t\t\t\t\t\t<\/div>\n\t\t\t\t\t<\/div>\n\t\t<\/section>\n\t\t\t\t<section class=\"elementor-section elementor-top-section elementor-element elementor-element-70d9957 elementor-section-full_width elementor-section-height-default elementor-section-height-default\" data-id=\"70d9957\" data-element_type=\"section\">\n\t\t\t\t\t\t<div class=\"elementor-container elementor-column-gap-default\">\n\t\t\t\t\t\t\t<div class=\"elementor-row\">\n\t\t\t\t\t<div class=\"elementor-column elementor-col-33 elementor-top-column elementor-element elementor-element-c7a588b\" data-id=\"c7a588b\" data-element_type=\"column\">\n\t\t\t<div class=\"elementor-column-wrap elementor-element-populated\">\n\t\t\t\t\t\t\t<div class=\"elementor-widget-wrap\">\n\t\t\t\t\t\t<div class=\"elementor-element elementor-element-e6dc1ea elementor-widget elementor-widget-image\" data-id=\"e6dc1ea\" data-element_type=\"widget\" data-widget_type=\"image.default\">\n\t\t\t\t<div class=\"elementor-widget-container\">\n\t\t\t\t\t\t\t\t<div class=\"elementor-image\">\n\t\t\t\t\t\t\t\t\t\t\t\t<img width=\"768\" height=\"1024\" src=\"https:\/\/www.brigittebeauty.hu\/wp-content\/uploads\/2022\/02\/unnamed-5-768x1024.jpg\" class=\"attachment-large size-large\" alt=\"\" loading=\"lazy\" srcset=\"https:\/\/www.brigittebeauty.hu\/wp-content\/uploads\/2022\/02\/unnamed-5-768x1024.jpg 768w, https:\/\/www.brigittebeauty.hu\/wp-content\/uploads\/2022\/02\/unnamed-5-225x300.jpg 225w\" sizes=\"(max-width: 768px) 100vw, 768px\" \/>\t\t\t\t\t\t\t\t\t\t\t\t\t\t<\/div>\n\t\t\t\t\t\t<\/div>\n\t\t\t\t<\/div>\n\t\t\t\t\t\t<\/div>\n\t\t\t\t\t<\/div>\n\t\t<\/div>\n\t\t\t\t<div class=\"elementor-column elementor-col-33 elementor-top-column elementor-element elementor-element-7abbceb\" data-id=\"7abbceb\" data-element_type=\"column\">\n\t\t\t<div class=\"elementor-column-wrap elementor-element-populated\">\n\t\t\t\t\t\t\t<div class=\"elementor-widget-wrap\">\n\t\t\t\t\t\t<div class=\"elementor-element elementor-element-3eadb94 elementor-widget elementor-widget-image\" data-id=\"3eadb94\" data-element_type=\"widget\" data-widget_type=\"image.default\">\n\t\t\t\t<div class=\"elementor-widget-container\">\n\t\t\t\t\t\t\t\t<div class=\"elementor-image\">\n\t\t\t\t\t\t\t\t\t\t\t\t<img width=\"768\" height=\"1024\" src=\"https:\/\/www.brigittebeauty.hu\/wp-content\/uploads\/2022\/02\/unnamed-2-768x1024.jpg\" class=\"attachment-large size-large\" alt=\"\" loading=\"lazy\" srcset=\"https:\/\/www.brigittebeauty.hu\/wp-content\/uploads\/2022\/02\/unnamed-2-768x1024.jpg 768w, https:\/\/www.brigittebeauty.hu\/wp-content\/uploads\/2022\/02\/unnamed-2-225x300.jpg 225w\" sizes=\"(max-width: 768px) 100vw, 768px\" \/>\t\t\t\t\t\t\t\t\t\t\t\t\t\t<\/div>\n\t\t\t\t\t\t<\/div>\n\t\t\t\t<\/div>\n\t\t\t\t\t\t<\/div>\n\t\t\t\t\t<\/div>\n\t\t<\/div>\n\t\t\t\t<div class=\"elementor-column elementor-col-33 elementor-top-column elementor-element elementor-element-570b702\" data-id=\"570b702\" data-element_type=\"column\">\n\t\t\t<div class=\"elementor-column-wrap elementor-element-populated\">\n\t\t\t\t\t\t\t<div class=\"elementor-widget-wrap\">\n\t\t\t\t\t\t<div class=\"elementor-element elementor-element-4d40784 elementor-widget elementor-widget-image\" data-id=\"4d40784\" data-element_type=\"widget\" data-widget_type=\"image.default\">\n\t\t\t\t<div class=\"elementor-widget-container\">\n\t\t\t\t\t\t\t\t<div class=\"elementor-image\">\n\t\t\t\t\t\t\t\t\t\t\t\t<img width=\"768\" height=\"1024\" src=\"https:\/\/www.brigittebeauty.hu\/wp-content\/uploads\/2022\/02\/unnamed-9-768x1024.jpg\" class=\"attachment-large size-large\" alt=\"\" loading=\"lazy\" srcset=\"https:\/\/www.brigittebeauty.hu\/wp-content\/uploads\/2022\/02\/unnamed-9-768x1024.jpg 768w, https:\/\/www.brigittebeauty.hu\/wp-content\/uploads\/2022\/02\/unnamed-9-225x300.jpg 225w\" sizes=\"(max-width: 768px) 100vw, 768px\" \/>\t\t\t\t\t\t\t\t\t\t\t\t\t\t<\/div>\n\t\t\t\t\t\t<\/div>\n\t\t\t\t<\/div>\n\t\t\t\t\t\t<\/div>\n\t\t\t\t\t<\/div>\n\t\t<\/div>\n\t\t\t\t\t\t\t\t<\/div>\n\t\t\t\t\t<\/div>\n\t\t<\/section>\n\t\t\t\t<section class=\"elementor-section elementor-top-section elementor-element elementor-element-804cd2d elementor-section-full_width elementor-section-height-default elementor-section-height-default\" data-id=\"804cd2d\" data-element_type=\"section\" data-settings=\"{&quot;background_background&quot;:&quot;classic&quot;}\">\n\t\t\t\t\t\t<div class=\"elementor-container elementor-column-gap-no\">\n\t\t\t\t\t\t\t<div class=\"elementor-row\">\n\t\t\t\t\t<div class=\"elementor-column elementor-col-50 elementor-top-column elementor-element elementor-element-2dd9ab7\" data-id=\"2dd9ab7\" data-element_type=\"column\" data-settings=\"{&quot;background_background&quot;:&quot;classic&quot;}\">\n\t\t\t<div class=\"elementor-column-wrap elementor-element-populated\">\n\t\t\t\t\t\t\t<div class=\"elementor-widget-wrap\">\n\t\t\t\t\t\t<div class=\"elementor-element elementor-element-0c24993 elementor-widget elementor-widget-heading\" data-id=\"0c24993\" data-element_type=\"widget\" data-widget_type=\"heading.default\">\n\t\t\t\t<div class=\"elementor-widget-container\">\n\t\t\t<h2 class=\"elementor-heading-title elementor-size-default\">Gyerek Arc Fest\u00e9s<\/h2>\t\t<\/div>\n\t\t\t\t<\/div>\n\t\t\t\t<div class=\"elementor-element elementor-element-af2671d elementor-widget elementor-widget-text-editor\" data-id=\"af2671d\" data-element_type=\"widget\" data-widget_type=\"text-editor.default\">\n\t\t\t\t<div class=\"elementor-widget-container\">\n\t\t\t\t\t\t\t\t<div class=\"elementor-text-editor elementor-clearfix\">\n\t\t\t\t<p>Nagy \u00f6r\u00f6m sz\u00e1momra a mosolyg\u00f3s gyermekarcokat l\u00e1tni, amikor belen\u00e9znek a t\u00fck\u00f6rbe \u00e9s megl\u00e1tj\u00e1k, mit var\u00e1zsoltam bel\u0151l\u00fck n\u00e9h\u00e1ny perc alatt. Nagy izgalommal vetik al\u00e1 magukat az arcfest\u00e9snek m\u00e9g a legkisebbek is.<br \/><br \/>Kiz\u00e1r\u00f3lag antiall\u00e9rg\u00e9n, b\u0151rbar\u00e1t, min\u0151s\u00e9gi fest\u00e9kkel dolgozom minden arc- \u00e9s testfest\u00e9s sor\u00e1n.<\/p><p>Nagyszer\u0171 aj\u00e1nd\u00e9k\u00a0az\u00a0arcfest\u00e9s sz\u00fclet\u00e9snapokon, gyerekzs\u00farokon, csal\u00e1di napokon, gyereknapon, maj\u00e1lison, esk\u00fcv\u0151k\u00f6n, \u00f3vodai\u00a0\u2013\u00a0iskolai \u2013 b\u00f6lcs\u0151dei\u00a0vagy b\u00e1rmilyen\u00a0rendezv\u00e9nyen, ahol szeretn\u00e9nk, hogy a gyerekek egy kis id\u0151re m\u00e1s b\u0151r\u00e9be b\u00fajhassanak.<br \/><br \/>Budapesten bel\u00fcli kisz\u00e1ll\u00e1si d\u00edj: <br \/>+ 5000 Ft<\/p>\t\t\t\t\t<\/div>\n\t\t\t\t\t\t<\/div>\n\t\t\t\t<\/div>\n\t\t\t\t<div class=\"elementor-element elementor-element-4736da0 elementor-widget elementor-widget-button\" data-id=\"4736da0\" data-element_type=\"widget\" data-widget_type=\"button.default\">\n\t\t\t\t<div class=\"elementor-widget-container\">\n\t\t\t\t\t<div class=\"elementor-button-wrapper\">\n\t\t\t<a href=\"https:\/\/www.brigittebeauty.hu\/en\/kapcsolat\/\" class=\"elementor-button-link elementor-button elementor-size-xs\" role=\"button\">\n\t\t\t\t\t\t<span class=\"elementor-button-content-wrapper\">\n\t\t\t\t\t\t<span class=\"elementor-button-text\">\u00c9RDEKEL<\/span>\n\t\t<\/span>\n\t\t\t\t\t<\/a>\n\t\t<\/div>\n\t\t\t\t<\/div>\n\t\t\t\t<\/div>\n\t\t\t\t\t\t<\/div>\n\t\t\t\t\t<\/div>\n\t\t<\/div>\n\t\t\t\t<div class=\"elementor-column elementor-col-50 elementor-top-column elementor-element elementor-element-fdb3bff\" data-id=\"fdb3bff\" data-element_type=\"column\">\n\t\t\t<div class=\"elementor-column-wrap\">\n\t\t\t\t\t\t\t<div class=\"elementor-widget-wrap\">\n\t\t\t\t\t\t\t\t<\/div>\n\t\t\t\t\t<\/div>\n\t\t<\/div>\n\t\t\t\t\t\t\t\t<\/div>\n\t\t\t\t\t<\/div>\n\t\t<\/section>\n\t\t\t\t\t\t\t\t\t<\/div>\n\t\t\t<\/div>\n\t\t\t\t\t<\/div>","protected":false},"excerpt":{"rendered":"Body Art Testfest\u00e9s A\u00a0testfest\u00e9s a fest\u00e9s egy olyan form\u00e1ja, mely sor\u00e1n k\u00fcl\u00f6nb\u00f6z\u0151 t\u00edpus\u00fa fest\u00e9kkel az emberi b\u0151rre k\u00e9sz\u00fcl vizu\u00e1lis alkot\u00e1s. A \u201etestfest\u00e9s\u201d sz\u00f3 k\u00e9t jelent\u00e9se: nagy m\u00e9ret\u0171, az eg\u00e9sz testet befed\u0151 fest\u00e9s gy\u0171jt\u0151fogalom, melybe beletartoznak a kisebb m\u00e9ret\u0171, k\u00fcl\u00f6nf\u00e9le technik\u00e1val k\u00e9sz\u00edtett, k\u00f6nnyen elt\u00e1vol\u00edthat\u00f3 testfest\u00e9sek, mint p\u00e9ld\u00e1ul a hennafest\u00e9s, arcfest\u00e9s vagy a csill\u00e1mos testfest\u00e9s. Az arcra","protected":false},"author":1,"featured_media":0,"parent":0,"menu_order":0,"comment_status":"closed","ping_status":"closed","template":"","meta":{"om_disable_all_campaigns":false,"_mi_skip_tracking":false},"aioseo_notices":[],"_links":{"self":[{"href":"https:\/\/www.brigittebeauty.hu\/en\/wp-json\/wp\/v2\/pages\/210"}],"collection":[{"href":"https:\/\/www.brigittebeauty.hu\/en\/wp-json\/wp\/v2\/pages"}],"about":[{"href":"https:\/\/www.brigittebeauty.hu\/en\/wp-json\/wp\/v2\/types\/page"}],"author":[{"embeddable":true,"href":"https:\/\/www.brigittebeauty.hu\/en\/wp-json\/wp\/v2\/users\/1"}],"replies":[{"embeddable":true,"href":"https:\/\/www.brigittebeauty.hu\/en\/wp-json\/wp\/v2\/comments?post=210"}],"version-history":[{"count":21,"href":"https:\/\/www.brigittebeauty.hu\/en\/wp-json\/wp\/v2\/pages\/210\/revisions"}],"predecessor-version":[{"id":1487,"href":"https:\/\/www.brigittebeauty.hu\/en\/wp-json\/wp\/v2\/pages\/210\/revisions\/1487"}],"wp:attachment":[{"href":"https:\/\/www.brigittebeauty.hu\/en\/wp-json\/wp\/v2\/media?parent=210"}],"curies":[{"name":"wp","href":"https:\/\/api.w.org\/{rel}","templated":true}]}}