{"id":230,"date":"2025-04-12T14:09:35","date_gmt":"2025-04-12T12:09:35","guid":{"rendered":"http:\/\/www.brigittebeauty.hu\/?page_id=230"},"modified":"2025-05-05T14:38:57","modified_gmt":"2025-05-05T12:38:57","slug":"araim","status":"publish","type":"page","link":"https:\/\/www.brigittebeauty.hu\/en\/araim\/","title":{"rendered":"\u00c1raim"},"content":{"rendered":"<div style=\"height:100px\" aria-hidden=\"true\" class=\"wp-block-spacer\"><\/div>\n\n\n\n<div class=\"wp-block-columns araim-section\">\n<div class=\"wp-elements-1 wp-block-column has-text-color has-background has-link-color\" style=\"background-color:#fff1e1;color:#000000;padding-top:2em;padding-right:2em;padding-bottom:2em;padding-left:2em\">\n<h2 class=\"wp-block-heading\" id=\"single\" style=\"font-size:35px\"><strong>SZEM\u00d6LD\u00d6K TETOV\u00c1L\u00c1S<\/strong><\/h2>\n\n\n\n<hr class=\"wp-block-separator\"\/>\n\n\n\n<div class=\"wp-block-columns\">\n<div class=\"wp-block-column\">\n<p class=\"has-black-color has-text-color\"><strong>Soft Powder Brows<\/strong><\/p>\n<\/div>\n\n\n\n<div class=\"wp-block-column\">\n<p class=\"has-black-color has-text-color\">95.000.-<\/p>\n<\/div>\n<\/div>\n\n\n\n<div class=\"wp-block-columns\">\n<div class=\"wp-block-column\">\n<p class=\"has-black-color has-text-color\"><strong>Ombre Brows<\/strong><\/p>\n<\/div>\n\n\n\n<div class=\"wp-block-column\">\n<p class=\"has-black-color has-text-color\">95.000.-<\/p>\n<\/div>\n<\/div>\n\n\n\n<div class=\"wp-block-columns\">\n<div class=\"wp-block-column\">\n<p class=\"has-black-color has-text-color\"><strong>PhiBrows Term\u00e9szetes K\u00e9zi sz\u00e1las<\/strong><\/p>\n<\/div>\n\n\n\n<div class=\"wp-block-column\">\n<p class=\"has-black-color has-text-color\">95.000.-<\/p>\n<\/div>\n<\/div>\n\n\n\n<div class=\"wp-block-columns\">\n<div class=\"wp-block-column\">\n<p class=\"has-black-color has-text-color\"><strong>PhiShading ( Microblanding +<br>K\u00e9zi Shading )<\/strong><\/p>\n<\/div>\n\n\n\n<div class=\"wp-block-column\">\n<p class=\"has-black-color has-text-color\">125.000.-<\/p>\n<\/div>\n<\/div>\n\n\n\n<div class=\"wp-block-columns\">\n<div class=\"wp-block-column\">\n<p class=\"has-black-color has-text-color\"><strong>Hibrid( Microblanding +<br>G\u00e9pi Shading )<\/strong><\/p>\n<\/div>\n\n\n\n<div class=\"wp-block-column\">\n<p class=\"has-black-color has-text-color\">145.000.-<\/p>\n<\/div>\n<\/div>\n<\/div>\n<\/div>\n\n\n\n<div class=\"wp-block-columns araim-section\">\n<div class=\"wp-elements-2 wp-block-column has-text-color has-background has-link-color\" style=\"background-color:#e3edff;color:#000000;padding-top:2em;padding-right:2em;padding-bottom:2em;padding-left:2em\">\n<h2 class=\"wp-block-heading\" id=\"family\" style=\"font-size:35px\"><strong>SZEMH\u00c9J TETOV\u00c1L\u00c1S<\/strong><\/h2>\n\n\n\n<hr class=\"wp-block-separator has-css-opacity is-style-wide\"\/>\n\n\n\n<div class=\"wp-block-columns\">\n<div class=\"wp-block-column\">\n<p class=\"has-black-color has-text-color\"><strong>Szempilla s\u0171r\u00edt\u00e9s<\/strong><\/p>\n<\/div>\n\n\n\n<div class=\"wp-block-column\">\n<p class=\"has-black-color has-text-color\">65.000-<\/p>\n<\/div>\n<\/div>\n\n\n\n<div class=\"wp-block-columns\">\n<div class=\"wp-block-column\">\n<p class=\"has-black-color has-text-color\"><strong>Fels\u0151 Tusvonal<\/strong><\/p>\n<\/div>\n\n\n\n<div class=\"wp-block-column\">\n<p class=\"has-black-color has-text-color\">85.000-<\/p>\n<\/div>\n<\/div>\n\n\n\n<div class=\"wp-block-columns\">\n<div class=\"wp-block-column\">\n<p class=\"has-black-color has-text-color\"><strong>Powder Eyeliner<\/strong><\/p>\n<\/div>\n\n\n\n<div class=\"wp-block-column\">\n<p class=\"has-black-color has-text-color\">95.000-<\/p>\n<\/div>\n<\/div>\n<\/div>\n\n\n\n<div class=\"wp-elements-3 wp-block-column has-text-color has-background has-link-color\" style=\"background-color:#ffe3e3;color:#000000;padding-top:2em;padding-right:2em;padding-bottom:2em;padding-left:2em\">\n<h2 class=\"wp-block-heading\" id=\"patron\" style=\"font-size:35px\"><strong>AJAK TETOV\u00c1L\u00c1S<\/strong><\/h2>\n\n\n\n<hr class=\"wp-block-separator has-css-opacity is-style-wide\"\/>\n\n\n\n<div class=\"wp-block-columns\">\n<div class=\"wp-block-column\">\n<p class=\"has-black-color has-text-color\"><strong>Aquarelle Lip<\/strong><\/p>\n<\/div>\n\n\n\n<div class=\"wp-block-column\">\n<p class=\"has-black-color has-text-color\">95.000.-<\/p>\n<\/div>\n<\/div>\n\n\n\n<div class=\"wp-block-columns\">\n<div class=\"wp-block-column\">\n<p class=\"has-black-color has-text-color\"><strong>Teljes ajaksat\u00edr ( r\u00fazsozott hat\u00e1s)<\/strong><\/p>\n<\/div>\n\n\n\n<div class=\"wp-block-column\">\n<p class=\"has-black-color has-text-color\">120.000.-<\/p>\n<\/div>\n<\/div>\n\n\n\n<div class=\"wp-block-columns\">\n<div class=\"wp-block-column\">\n<p class=\"has-black-color has-text-color\"><strong><strong>Az \u00e1rak tartalmaznak egy alkalom korrekci\u00f3t! Tov\u00e1bbi korrekci\u00f3 4 h\u00f3napon bel\u00fcl<\/strong><\/strong><\/p>\n<\/div>\n\n\n\n<div class=\"wp-block-column\">\n<p class=\"has-black-color has-text-color\">30.000.-<\/p>\n<\/div>\n<\/div>\n<\/div>\n<\/div>\n\n\n\n<div class=\"wp-block-columns araim-section\">\n<div class=\"wp-elements-4 wp-block-column has-text-color has-background has-link-color\" style=\"background-color:#faf5ed;color:#000000;padding-top:2em;padding-right:2em;padding-bottom:2em;padding-left:2em\">\n<h2 class=\"wp-block-heading\" id=\"single\" style=\"font-size:35px\"><strong>SZEMPILLA \u00c9P\u00cdT\u00c9S\u200b<\/strong><\/h2>\n\n\n\n<div class=\"wp-block-columns has-background\" style=\"background-color:#f3e6e0\">\n<div class=\"wp-block-column\">\n<p class=\"has-black-color has-text-color\"><strong>SZETT NEVE<\/strong><\/p>\n<\/div>\n\n\n\n<div class=\"wp-block-column\">\n<p class=\"has-black-color has-text-color\"><strong>\u00daJ SZETT\u200b<\/strong><\/p>\n<\/div>\n\n\n\n<div class=\"wp-block-column\">\n<p class=\"has-black-color has-text-color\"><strong>0-28 NAPIG\u200b<\/strong><\/p>\n<\/div>\n<\/div>\n\n\n\n<div class=\"wp-block-columns has-background\" style=\"background-color:#faf5ed\">\n<div class=\"wp-block-column\">\n<p class=\"has-black-color has-text-color\">1D Classic set<\/p>\n<\/div>\n\n\n\n<div class=\"wp-block-column\">\n<p class=\"has-black-color has-text-color\">18.500.-<\/p>\n<\/div>\n\n\n\n<div class=\"wp-block-column\">\n<p class=\"has-black-color has-text-color\">16.500.-<\/p>\n<\/div>\n<\/div>\n\n\n\n<div class=\"wp-block-columns has-background\" style=\"background-color:#faf5ed\">\n<div class=\"wp-block-column\">\n<p class=\"has-black-color has-text-color\">2D Classic set<\/p>\n<\/div>\n\n\n\n<div class=\"wp-block-column\">\n<p class=\"has-black-color has-text-color\">20.500.-<\/p>\n<\/div>\n\n\n\n<div class=\"wp-block-column\">\n<p class=\"has-black-color has-text-color\">18.500.-<\/p>\n<\/div>\n<\/div>\n\n\n\n<div class=\"wp-block-columns has-background\" style=\"background-color:#faf5ed\">\n<div class=\"wp-block-column\">\n<p class=\"has-black-color has-text-color\">3-4D Volume set<\/p>\n<\/div>\n\n\n\n<div class=\"wp-block-column\">\n<p class=\"has-black-color has-text-color\">22.500.-<\/p>\n<\/div>\n\n\n\n<div class=\"wp-block-column\">\n<p class=\"has-black-color has-text-color\">20.500.-<\/p>\n<\/div>\n<\/div>\n\n\n\n<div class=\"wp-block-columns has-background\" style=\"background-color:#faf5ed\">\n<div class=\"wp-block-column\">\n<p class=\"has-black-color has-text-color\">5-6D Volume set<\/p>\n<\/div>\n\n\n\n<div class=\"wp-block-column\">\n<p class=\"has-black-color has-text-color\">24.500.-<\/p>\n<\/div>\n\n\n\n<div class=\"wp-block-column\">\n<p class=\"has-black-color has-text-color\">22.500.-<\/p>\n<\/div>\n<\/div>\n\n\n\n<div class=\"wp-block-columns has-background\" style=\"background-color:#faf5ed\">\n<div class=\"wp-block-column\">\n<p class=\"has-black-color has-text-color\">Mega Volume set<\/p>\n<\/div>\n\n\n\n<div class=\"wp-block-column\">\n<p class=\"has-black-color has-text-color\">28.500.-<\/p>\n<\/div>\n\n\n\n<div class=\"wp-block-column\">\n<p class=\"has-black-color has-text-color\">26.500.-<\/p>\n<\/div>\n<\/div>\n\n\n\n<div class=\"wp-block-columns has-background\" style=\"background-color:#faf5ed\">\n<div class=\"wp-block-column\">\n<p class=\"has-black-color has-text-color\">Eyelash dissolution<\/p>\n<\/div>\n\n\n\n<div class=\"wp-block-column\">\n<p class=\"has-black-color has-text-color\">5.000.-<\/p>\n<\/div>\n\n\n\n<div class=\"wp-block-column\">\n<p class=\"has-black-color has-text-color\">&#8211;<\/p>\n<\/div>\n<\/div>\n\n\n\n<div class=\"wp-block-columns has-background\" style=\"background-color:#faf5ed\">\n<div class=\"wp-block-column\">\n<p class=\"has-black-color has-text-color\">Eyelash shampoo + brush<\/p>\n<\/div>\n\n\n\n<div class=\"wp-block-column\">\n<p class=\"has-black-color has-text-color\">7.500.-<\/p>\n<\/div>\n\n\n\n<div class=\"wp-block-column\">\n<p class=\"has-black-color has-text-color\">&#8211;<\/p>\n<\/div>\n<\/div>\n<\/div>\n<\/div>\n\n\n\n<div class=\"wp-block-columns araim-section\">\n<div class=\"wp-elements-5 wp-block-column has-text-color has-background has-link-color\" style=\"background-color:#e5f6ee;color:#000000;padding-top:2em;padding-right:2em;padding-bottom:2em;padding-left:2em\">\n<h2 class=\"wp-block-heading\" id=\"single\" style=\"font-size:35px\"><strong>MAKEUP<\/strong><\/h2>\n\n\n\n<hr class=\"wp-block-separator\"\/>\n\n\n\n<div class=\"wp-block-columns\">\n<div class=\"wp-block-column\">\n<p class=\"has-black-color has-text-color\"><strong>Bridal makeup (with trial makeup)<\/strong><\/p>\n<\/div>\n\n\n\n<div class=\"wp-block-column\">\n<p class=\"has-black-color has-text-color\">50.000.-<\/p>\n<\/div>\n<\/div>\n\n\n\n<div class=\"wp-block-columns\">\n<div class=\"wp-block-column\">\n<p class=\"has-black-color has-text-color\"><strong>N\u00e1szn\u00e9p sminkel\u00e9s (min 3 f\u0151)<\/strong><\/p>\n<\/div>\n\n\n\n<div class=\"wp-block-column\">\n<p class=\"has-black-color has-text-color\">15.000.-<\/p>\n<\/div>\n<\/div>\n\n\n\n<div class=\"wp-block-columns\">\n<div class=\"wp-block-column\">\n<p class=\"has-black-color has-text-color\"><strong>Casual makeup<\/strong><\/p>\n<\/div>\n\n\n\n<div class=\"wp-block-column\">\n<p class=\"has-black-color has-text-color\">30.000.-<\/p>\n<\/div>\n<\/div>\n\n\n\n<div class=\"wp-block-columns\">\n<div class=\"wp-block-column\">\n<p class=\"has-black-color has-text-color\"><strong>Natural makeup<\/strong><\/p>\n<\/div>\n\n\n\n<div class=\"wp-block-column\">\n<p class=\"has-black-color has-text-color\">20.000.-<\/p>\n<\/div>\n<\/div>\n\n\n\n<div class=\"wp-block-columns\">\n<div class=\"wp-block-column\">\n<p class=\"has-black-color has-text-color\"><strong>Prom makeup<\/strong><\/p>\n<\/div>\n\n\n\n<div class=\"wp-block-column\">\n<p class=\"has-black-color has-text-color\">17.000.-<\/p>\n<\/div>\n<\/div>\n\n\n\n<div class=\"wp-block-columns\">\n<div class=\"wp-block-column\">\n<p class=\"has-black-color has-text-color\"><strong>Egy\u00e9ni sminktan\u00e1csad\u00e1s (1 alkalom)<\/strong><\/p>\n<\/div>\n\n\n\n<div class=\"wp-block-column\">\n<p class=\"has-black-color has-text-color\">30.000.-<\/p>\n<\/div>\n<\/div>\n\n\n\n<div class=\"wp-block-columns\">\n<div class=\"wp-block-column\">\n<p class=\"has-black-color has-text-color\"><strong>Egy\u00e9ni sminktan\u00e1csad\u00e1s (2 alkalom)<\/strong><\/p>\n<\/div>\n\n\n\n<div class=\"wp-block-column\">\n<p class=\"has-black-color has-text-color\">50.000.-<\/p>\n<\/div>\n<\/div>\n<\/div>\n<\/div>\n\n\n\n<div class=\"wp-block-columns araim-section\">\n<div class=\"wp-elements-6 wp-block-column has-text-color has-background has-link-color\" style=\"background-color:#ffe6fd;color:#000000;padding-top:2em;padding-right:2em;padding-bottom:2em;padding-left:2em\">\n<h2 class=\"wp-block-heading\" id=\"family\" style=\"font-size:35px\"><strong>STYLING<\/strong><\/h2>\n\n\n\n<hr class=\"wp-block-separator has-css-opacity is-style-wide\"\/>\n\n\n\n<div class=\"wp-block-columns\">\n<div class=\"wp-block-column\">\n<p class=\"has-black-color has-text-color\"><strong>Szem\u00f6ld\u00f6k Szed\u00e9s+ v\u00e1g\u00e1s<\/strong><\/p>\n<\/div>\n\n\n\n<div class=\"wp-block-column\">\n<p class=\"has-black-color has-text-color\">2.500-<\/p>\n<\/div>\n<\/div>\n\n\n\n<div class=\"wp-block-columns\">\n<div class=\"wp-block-column\">\n<p class=\"has-black-color has-text-color\"><strong>Szem\u00f6ld\u00f6k Tart\u00f3s Henna fest\u00e9s<\/strong><\/p>\n<\/div>\n\n\n\n<div class=\"wp-block-column\">\n<p class=\"has-black-color has-text-color\">6.500-<\/p>\n<\/div>\n<\/div>\n\n\n\n<div class=\"wp-block-columns\">\n<div class=\"wp-block-column\">\n<p class=\"has-black-color has-text-color\"><strong>Szem\u00f6ld\u00f6k Lamin\u00e1l\u00e1s<\/strong><\/p>\n<\/div>\n\n\n\n<div class=\"wp-block-column\">\n<p class=\"has-black-color has-text-color\">16.000-<\/p>\n<\/div>\n<\/div>\n\n\n\n<div class=\"wp-block-columns\">\n<div class=\"wp-block-column\">\n<p class=\"has-black-color has-text-color\"><strong>Szem\u00f6ld\u00f6k Lamin\u00e1l\u00e1s + fest\u00e9s + form\u00e1z\u00e1s<\/strong><\/p>\n<\/div>\n\n\n\n<div class=\"wp-block-column\">\n<p class=\"has-black-color has-text-color\">18.000-<\/p>\n<\/div>\n<\/div>\n\n\n\n<div class=\"wp-block-columns\">\n<div class=\"wp-block-column\">\n<p class=\"has-black-color has-text-color\"><strong>Szempilla fest\u00e9s<\/strong><\/p>\n<\/div>\n\n\n\n<div class=\"wp-block-column\">\n<p class=\"has-black-color has-text-color\">5.500-<\/p>\n<\/div>\n<\/div>\n\n\n\n<div class=\"wp-block-columns\">\n<div class=\"wp-block-column\">\n<p class=\"has-black-color has-text-color\"><strong>Szempilla Lifting<\/strong><\/p>\n<\/div>\n\n\n\n<div class=\"wp-block-column\">\n<p class=\"has-black-color has-text-color\">16.000-<\/p>\n<\/div>\n<\/div>\n<\/div>\n\n\n\n<div class=\"wp-elements-7 wp-block-column has-text-color has-background has-link-color\" style=\"background-color:#ffffe3;color:#000000;padding-top:2em;padding-right:2em;padding-bottom:2em;padding-left:2em\">\n<h2 class=\"wp-block-heading\" id=\"patron\" style=\"font-size:35px\"><strong>ARCKEZEL\u00c9S\u200b<\/strong><\/h2>\n\n\n\n<hr class=\"wp-block-separator has-css-opacity is-style-wide\"\/>\n\n\n\n<div class=\"wp-block-columns\">\n<div class=\"wp-block-column\">\n<p class=\"has-black-color has-text-color\"><strong>Microneedling 1 alkalom<\/strong><\/p>\n<\/div>\n\n\n\n<div class=\"wp-block-column\">\n<p class=\"has-black-color has-text-color\">35.000.-<\/p>\n<\/div>\n<\/div>\n\n\n\n<div class=\"wp-block-columns\">\n<div class=\"wp-block-column\">\n<p class=\"has-black-color has-text-color\"><strong>&nbsp;3 alkalmas b\u00e9rlet<\/strong><\/p>\n<\/div>\n\n\n\n<div class=\"wp-block-column\">\n<p class=\"has-black-color has-text-color\">95.000.-<\/p>\n<\/div>\n<\/div>\n\n\n\n<div class=\"wp-block-columns\">\n<div class=\"wp-block-column\">\n<p class=\"has-black-color has-text-color\"><strong><strong>&nbsp;5 alkalmas b\u00e9rlet<\/strong><\/strong><\/p>\n<\/div>\n\n\n\n<div class=\"wp-block-column\">\n<p class=\"has-black-color has-text-color\">140.000.-<\/p>\n<\/div>\n<\/div>\n\n\n\n<hr class=\"wp-block-separator has-text-color has-background is-style-default\" style=\"background-color:#959595;color:#959595\"\/>\n\n\n\n<div class=\"wp-block-columns\">\n<div class=\"wp-block-column\">\n<p class=\"has-black-color has-text-color\"><strong><strong>R\u00e1di\u00f3frekvenci\u00e1s arckezel\u00e9s Hialuronsavval<\/strong><\/strong><\/p>\n<\/div>\n\n\n\n<div class=\"wp-block-column\">\n<p class=\"has-black-color has-text-color\">20.000.-<\/p>\n<\/div>\n<\/div>\n\n\n\n<div class=\"wp-block-columns\">\n<div class=\"wp-block-column\">\n<p class=\"has-black-color has-text-color\"><strong><strong>3 alkalmas b\u00e9rlet<\/strong><\/strong><\/p>\n<\/div>\n\n\n\n<div class=\"wp-block-column\">\n<p class=\"has-black-color has-text-color\">45.000.-<\/p>\n<\/div>\n<\/div>\n\n\n\n<div class=\"wp-block-columns\">\n<div class=\"wp-block-column\">\n<p class=\"has-black-color has-text-color\"><strong><strong>5 alkalmas b\u00e9rlet<\/strong><\/strong><\/p>\n<\/div>\n\n\n\n<div class=\"wp-block-column\">\n<p class=\"has-black-color has-text-color\">65.000.-<\/p>\n<\/div>\n<\/div>\n<\/div>\n<\/div>\n\n\n\n<div style=\"height:100px\" aria-hidden=\"true\" class=\"wp-block-spacer\"><\/div>","protected":false},"excerpt":{"rendered":"SMINK Menyasszonyi smink (pr\u00f3basminkkel) 50.000.- N\u00e1szn\u00e9p sminkel\u00e9s (min 3 f\u0151) 15.000.- Alkalmi smink 30.000.- Natur smink 20.000.- Szalagavat\u00f3 smink 17.000.- Egy\u00e9ni sminktan\u00e1csad\u00e1s (1 alkalom) 30.000.- Egy\u00e9ni sminktan\u00e1csad\u00e1s (2 alkalom) 50.000.- STYLING Szem\u00f6ld\u00f6k Szed\u00e9s+ v\u00e1g\u00e1s 2.500- Szem\u00f6ld\u00f6k Tart\u00f3s Henna fest\u00e9s 6.500- Szem\u00f6ld\u00f6k Lamin\u00e1l\u00e1s 16.000- Szem\u00f6ld\u00f6k Lamin\u00e1l\u00e1s + fest\u00e9s + form\u00e1z\u00e1s 18.000- Szempilla fest\u00e9s 5.500- Szempilla Lifting","protected":false},"author":1,"featured_media":0,"parent":0,"menu_order":0,"comment_status":"closed","ping_status":"closed","template":"","meta":{"om_disable_all_campaigns":false,"_mi_skip_tracking":false},"aioseo_notices":[],"_links":{"self":[{"href":"https:\/\/www.brigittebeauty.hu\/en\/wp-json\/wp\/v2\/pages\/230"}],"collection":[{"href":"https:\/\/www.brigittebeauty.hu\/en\/wp-json\/wp\/v2\/pages"}],"about":[{"href":"https:\/\/www.brigittebeauty.hu\/en\/wp-json\/wp\/v2\/types\/page"}],"author":[{"embeddable":true,"href":"https:\/\/www.brigittebeauty.hu\/en\/wp-json\/wp\/v2\/users\/1"}],"replies":[{"embeddable":true,"href":"https:\/\/www.brigittebeauty.hu\/en\/wp-json\/wp\/v2\/comments?post=230"}],"version-history":[{"count":121,"href":"https:\/\/www.brigittebeauty.hu\/en\/wp-json\/wp\/v2\/pages\/230\/revisions"}],"predecessor-version":[{"id":2129,"href":"https:\/\/www.brigittebeauty.hu\/en\/wp-json\/wp\/v2\/pages\/230\/revisions\/2129"}],"wp:attachment":[{"href":"https:\/\/www.brigittebeauty.hu\/en\/wp-json\/wp\/v2\/media?parent=230"}],"curies":[{"name":"wp","href":"https:\/\/api.w.org\/{rel}","templated":true}]}}