{"id":243,"date":"2019-11-17T17:18:20","date_gmt":"2019-11-17T17:18:20","guid":{"rendered":"http:\/\/www.brigittebeauty.hu\/?page_id=243"},"modified":"2022-04-10T01:41:15","modified_gmt":"2022-04-09T23:41:15","slug":"smink-tanacsadas","status":"publish","type":"page","link":"https:\/\/www.brigittebeauty.hu\/en\/smink-tanacsadas\/","title":{"rendered":"Smink tan\u00e1csad\u00e1s"},"content":{"rendered":"<div data-elementor-type=\"wp-page\" data-elementor-id=\"243\" class=\"elementor elementor-243\">\n\t\t\t\t\t\t<div class=\"elementor-inner\">\n\t\t\t\t<div class=\"elementor-section-wrap\">\n\t\t\t\t\t\t\t\t\t<section class=\"elementor-section elementor-top-section elementor-element elementor-element-16c2ac29 elementor-section-boxed elementor-section-height-default elementor-section-height-default\" data-id=\"16c2ac29\" data-element_type=\"section\" data-settings=\"{&quot;background_background&quot;:&quot;classic&quot;}\">\n\t\t\t\t\t\t<div class=\"elementor-container elementor-column-gap-default\">\n\t\t\t\t\t\t\t<div class=\"elementor-row\">\n\t\t\t\t\t<div class=\"elementor-column elementor-col-50 elementor-top-column elementor-element elementor-element-310b2cd0\" data-id=\"310b2cd0\" data-element_type=\"column\">\n\t\t\t<div class=\"elementor-column-wrap\">\n\t\t\t\t\t\t\t<div class=\"elementor-widget-wrap\">\n\t\t\t\t\t\t\t\t<\/div>\n\t\t\t\t\t<\/div>\n\t\t<\/div>\n\t\t\t\t<div class=\"elementor-column elementor-col-50 elementor-top-column elementor-element elementor-element-5341d019 elementor-invisible\" data-id=\"5341d019\" data-element_type=\"column\" data-settings=\"{&quot;animation&quot;:&quot;fadeInRight&quot;}\">\n\t\t\t<div class=\"elementor-column-wrap elementor-element-populated\">\n\t\t\t\t\t\t\t<div class=\"elementor-widget-wrap\">\n\t\t\t\t\t\t<div class=\"elementor-element elementor-element-426e80d7 elementor-invisible elementor-widget elementor-widget-text-editor\" data-id=\"426e80d7\" data-element_type=\"widget\" data-settings=\"{&quot;_animation&quot;:&quot;fadeIn&quot;}\" data-widget_type=\"text-editor.default\">\n\t\t\t\t<div class=\"elementor-widget-container\">\n\t\t\t\t\t\t\t\t<div class=\"elementor-text-editor elementor-clearfix\">\n\t\t\t\t<p>Tanuld meg a sz\u00e1modra legel\u0151ny\u00f6sebb sminket elk\u00e9sz\u00edteni magadnak, ami nem csak sz\u00e9p, hanem eg\u00e9sz nap tart is!<\/p><p>Korhat\u00e1rt\u00f3l f\u00fcggetlen\u00fcl! Lehetsz 12, 32 vagy 62, a kor nem sz\u00e1m\u00edt.<\/p><p>Megismerkedhetsz \u00faj term\u00e9kekkel, m\u00e1rk\u00e1kkal, amelyekr\u0151l m\u00e9g nem hallott\u00e1l, vagy m\u00e1r r\u00e9g ki akartad pr\u00f3b\u00e1lni, vagy ak\u00e1r meger\u0151s\u00edt\u00e9st \u00e9s visszajelz\u00e9st is kaphatsz az otthon \u00e1ltalad jelenleg is haszn\u00e1lt term\u00e9kekkel kapcsolatban.<\/p><p>A c\u00e9l, hogy meg\u00e9rtsd az arcod minden zegzug\u00e1t \u00e9s ennek megfelel\u0151en nagyon gyakorlatiasan, indokl\u00e1ssal fogok neked mindent megmutatni, elmagyar\u00e1zni. Most v\u00e9gre \u00f6ssze fog \u00e1llni a fejedben a k\u00e9p, b\u00e1rmennyire is elveszettnek \u00e9rzed magad jelenleg a sminkel\u00e9ssel kapcsolatban.<\/p>\t\t\t\t\t<\/div>\n\t\t\t\t\t\t<\/div>\n\t\t\t\t<\/div>\n\t\t\t\t\t\t<\/div>\n\t\t\t\t\t<\/div>\n\t\t<\/div>\n\t\t\t\t\t\t\t\t<\/div>\n\t\t\t\t\t<\/div>\n\t\t<\/section>\n\t\t\t\t<section class=\"elementor-section elementor-top-section elementor-element elementor-element-f56e080 elementor-section-full_width elementor-section-height-default elementor-section-height-default\" data-id=\"f56e080\" data-element_type=\"section\">\n\t\t\t\t\t\t<div class=\"elementor-container elementor-column-gap-default\">\n\t\t\t\t\t\t\t<div class=\"elementor-row\">\n\t\t\t\t\t<div class=\"elementor-column elementor-col-33 elementor-top-column elementor-element elementor-element-f3caaa4\" data-id=\"f3caaa4\" data-element_type=\"column\">\n\t\t\t<div class=\"elementor-column-wrap elementor-element-populated\">\n\t\t\t\t\t\t\t<div class=\"elementor-widget-wrap\">\n\t\t\t\t\t\t<div class=\"elementor-element elementor-element-b215cb8 elementor-widget elementor-widget-image\" data-id=\"b215cb8\" data-element_type=\"widget\" data-widget_type=\"image.default\">\n\t\t\t\t<div class=\"elementor-widget-container\">\n\t\t\t\t\t\t\t\t<div class=\"elementor-image\">\n\t\t\t\t\t\t\t\t\t\t\t\t<img width=\"1024\" height=\"1024\" src=\"https:\/\/www.brigittebeauty.hu\/wp-content\/uploads\/2022\/01\/diana-ruseva-1cHnHtuNAcc-unsplash-1024x1024.png\" class=\"attachment-large size-large\" alt=\"\" loading=\"lazy\" srcset=\"https:\/\/www.brigittebeauty.hu\/wp-content\/uploads\/2022\/01\/diana-ruseva-1cHnHtuNAcc-unsplash-1024x1024.png 1024w, https:\/\/www.brigittebeauty.hu\/wp-content\/uploads\/2022\/01\/diana-ruseva-1cHnHtuNAcc-unsplash-150x150.png 150w, https:\/\/www.brigittebeauty.hu\/wp-content\/uploads\/2022\/01\/diana-ruseva-1cHnHtuNAcc-unsplash-300x300.png 300w, https:\/\/www.brigittebeauty.hu\/wp-content\/uploads\/2022\/01\/diana-ruseva-1cHnHtuNAcc-unsplash-768x767.png 768w, https:\/\/www.brigittebeauty.hu\/wp-content\/uploads\/2022\/01\/diana-ruseva-1cHnHtuNAcc-unsplash.png 1080w\" sizes=\"(max-width: 1024px) 100vw, 1024px\" \/>\t\t\t\t\t\t\t\t\t\t\t\t\t\t<\/div>\n\t\t\t\t\t\t<\/div>\n\t\t\t\t<\/div>\n\t\t\t\t\t\t<\/div>\n\t\t\t\t\t<\/div>\n\t\t<\/div>\n\t\t\t\t<div class=\"elementor-column elementor-col-33 elementor-top-column elementor-element elementor-element-30fd006\" data-id=\"30fd006\" data-element_type=\"column\">\n\t\t\t<div class=\"elementor-column-wrap elementor-element-populated\">\n\t\t\t\t\t\t\t<div class=\"elementor-widget-wrap\">\n\t\t\t\t\t\t<div class=\"elementor-element elementor-element-2c94042 elementor-widget elementor-widget-image\" data-id=\"2c94042\" data-element_type=\"widget\" data-widget_type=\"image.default\">\n\t\t\t\t<div class=\"elementor-widget-container\">\n\t\t\t\t\t\t\t\t<div class=\"elementor-image\">\n\t\t\t\t\t\t\t\t\t\t\t\t<img width=\"1024\" height=\"1024\" src=\"https:\/\/www.brigittebeauty.hu\/wp-content\/uploads\/2022\/01\/jamie-street-aMuq-Xz7R_M-unsplash-1024x1024.png\" class=\"attachment-large size-large\" alt=\"\" loading=\"lazy\" srcset=\"https:\/\/www.brigittebeauty.hu\/wp-content\/uploads\/2022\/01\/jamie-street-aMuq-Xz7R_M-unsplash-1024x1024.png 1024w, https:\/\/www.brigittebeauty.hu\/wp-content\/uploads\/2022\/01\/jamie-street-aMuq-Xz7R_M-unsplash-150x150.png 150w, https:\/\/www.brigittebeauty.hu\/wp-content\/uploads\/2022\/01\/jamie-street-aMuq-Xz7R_M-unsplash-300x300.png 300w, https:\/\/www.brigittebeauty.hu\/wp-content\/uploads\/2022\/01\/jamie-street-aMuq-Xz7R_M-unsplash-768x767.png 768w, https:\/\/www.brigittebeauty.hu\/wp-content\/uploads\/2022\/01\/jamie-street-aMuq-Xz7R_M-unsplash.png 1080w\" sizes=\"(max-width: 1024px) 100vw, 1024px\" \/>\t\t\t\t\t\t\t\t\t\t\t\t\t\t<\/div>\n\t\t\t\t\t\t<\/div>\n\t\t\t\t<\/div>\n\t\t\t\t\t\t<\/div>\n\t\t\t\t\t<\/div>\n\t\t<\/div>\n\t\t\t\t<div class=\"elementor-column elementor-col-33 elementor-top-column elementor-element elementor-element-30a273e\" data-id=\"30a273e\" data-element_type=\"column\">\n\t\t\t<div class=\"elementor-column-wrap elementor-element-populated\">\n\t\t\t\t\t\t\t<div class=\"elementor-widget-wrap\">\n\t\t\t\t\t\t<div class=\"elementor-element elementor-element-49003e4 elementor-widget elementor-widget-image\" data-id=\"49003e4\" data-element_type=\"widget\" data-widget_type=\"image.default\">\n\t\t\t\t<div class=\"elementor-widget-container\">\n\t\t\t\t\t\t\t\t<div class=\"elementor-image\">\n\t\t\t\t\t\t\t\t\t\t\t\t<img width=\"1024\" height=\"1024\" src=\"https:\/\/www.brigittebeauty.hu\/wp-content\/uploads\/2022\/01\/element5-digital-ceWgSMd8rvQ-unsplash-1024x1024.png\" class=\"attachment-large size-large\" alt=\"\" loading=\"lazy\" srcset=\"https:\/\/www.brigittebeauty.hu\/wp-content\/uploads\/2022\/01\/element5-digital-ceWgSMd8rvQ-unsplash-1024x1024.png 1024w, https:\/\/www.brigittebeauty.hu\/wp-content\/uploads\/2022\/01\/element5-digital-ceWgSMd8rvQ-unsplash-150x150.png 150w, https:\/\/www.brigittebeauty.hu\/wp-content\/uploads\/2022\/01\/element5-digital-ceWgSMd8rvQ-unsplash-300x300.png 300w, https:\/\/www.brigittebeauty.hu\/wp-content\/uploads\/2022\/01\/element5-digital-ceWgSMd8rvQ-unsplash-768x767.png 768w, https:\/\/www.brigittebeauty.hu\/wp-content\/uploads\/2022\/01\/element5-digital-ceWgSMd8rvQ-unsplash.png 1080w\" sizes=\"(max-width: 1024px) 100vw, 1024px\" \/>\t\t\t\t\t\t\t\t\t\t\t\t\t\t<\/div>\n\t\t\t\t\t\t<\/div>\n\t\t\t\t<\/div>\n\t\t\t\t\t\t<\/div>\n\t\t\t\t\t<\/div>\n\t\t<\/div>\n\t\t\t\t\t\t\t\t<\/div>\n\t\t\t\t\t<\/div>\n\t\t<\/section>\n\t\t\t\t<section class=\"elementor-section elementor-top-section elementor-element elementor-element-a86eaa1 elementor-section-full_width elementor-section-height-default elementor-section-height-default\" data-id=\"a86eaa1\" data-element_type=\"section\" data-settings=\"{&quot;background_background&quot;:&quot;classic&quot;}\">\n\t\t\t\t\t\t<div class=\"elementor-container elementor-column-gap-no\">\n\t\t\t\t\t\t\t<div class=\"elementor-row\">\n\t\t\t\t\t<div class=\"elementor-column elementor-col-50 elementor-top-column elementor-element elementor-element-d7a6eaa\" data-id=\"d7a6eaa\" data-element_type=\"column\">\n\t\t\t<div class=\"elementor-column-wrap elementor-element-populated\">\n\t\t\t\t\t\t\t<div class=\"elementor-widget-wrap\">\n\t\t\t\t\t\t<div class=\"elementor-element elementor-element-bad4c07 elementor-widget elementor-widget-image\" data-id=\"bad4c07\" data-element_type=\"widget\" data-widget_type=\"image.default\">\n\t\t\t\t<div class=\"elementor-widget-container\">\n\t\t\t\t\t\t\t\t<div class=\"elementor-image\">\n\t\t\t\t\t\t\t\t\t\t\t\t<img width=\"1024\" height=\"1024\" src=\"https:\/\/www.brigittebeauty.hu\/wp-content\/uploads\/2022\/01\/beautiful-young-woman-doing-herself-makeup-sitting-studio-1024x1024.png\" class=\"attachment-large size-large\" alt=\"\" loading=\"lazy\" srcset=\"https:\/\/www.brigittebeauty.hu\/wp-content\/uploads\/2022\/01\/beautiful-young-woman-doing-herself-makeup-sitting-studio-1024x1024.png 1024w, https:\/\/www.brigittebeauty.hu\/wp-content\/uploads\/2022\/01\/beautiful-young-woman-doing-herself-makeup-sitting-studio-150x150.png 150w, https:\/\/www.brigittebeauty.hu\/wp-content\/uploads\/2022\/01\/beautiful-young-woman-doing-herself-makeup-sitting-studio-300x300.png 300w, https:\/\/www.brigittebeauty.hu\/wp-content\/uploads\/2022\/01\/beautiful-young-woman-doing-herself-makeup-sitting-studio-768x767.png 768w, https:\/\/www.brigittebeauty.hu\/wp-content\/uploads\/2022\/01\/beautiful-young-woman-doing-herself-makeup-sitting-studio.png 1080w\" sizes=\"(max-width: 1024px) 100vw, 1024px\" \/>\t\t\t\t\t\t\t\t\t\t\t\t\t\t<\/div>\n\t\t\t\t\t\t<\/div>\n\t\t\t\t<\/div>\n\t\t\t\t\t\t<\/div>\n\t\t\t\t\t<\/div>\n\t\t<\/div>\n\t\t\t\t<div class=\"elementor-column elementor-col-50 elementor-top-column elementor-element elementor-element-3a7e402\" data-id=\"3a7e402\" data-element_type=\"column\">\n\t\t\t<div class=\"elementor-column-wrap elementor-element-populated\">\n\t\t\t\t\t\t\t<div class=\"elementor-widget-wrap\">\n\t\t\t\t\t\t<div class=\"elementor-element elementor-element-6a49019 elementor-widget elementor-widget-heading\" data-id=\"6a49019\" data-element_type=\"widget\" data-widget_type=\"heading.default\">\n\t\t\t\t<div class=\"elementor-widget-container\">\n\t\t\t<h2 class=\"elementor-heading-title elementor-size-default\">Smink oktat\u00e1s<\/h2>\t\t<\/div>\n\t\t\t\t<\/div>\n\t\t\t\t<div class=\"elementor-element elementor-element-c86a08f elementor-widget elementor-widget-text-editor\" data-id=\"c86a08f\" data-element_type=\"widget\" data-widget_type=\"text-editor.default\">\n\t\t\t\t<div class=\"elementor-widget-container\">\n\t\t\t\t\t\t\t\t<div class=\"elementor-text-editor elementor-clearfix\">\n\t\t\t\t<p>Szem\u00e8lyre szabott smink Workshopra is jelentkezhettek , amely 2 alkalmas elm\u00e8leti \u00e8s egy gyakorlati oktat\u00e0sr\u00f3l sz\u00f3l, ahol megtanulhatod , hogyan lehet apr\u00f3 tr\u00fckk\u00f6kkel nagy var\u00e0zslatot el\u00e8rni az arcfest\u00e8s sor\u00e0n. Jelentkezz most , \u00e8s plussz seg\u00edts\u00e8get biztos\u00edtunk anyagismeret \u00e8s anyag beszerz\u00e8s kapcs\u00e0n, hogy eg\u00e8szen biztosan olyan term\u00e8keket szerezz be, amelyek a b\u014dr t\u00edpusodhoz a legink\u00e0bb passzolnak.<\/p>\t\t\t\t\t<\/div>\n\t\t\t\t\t\t<\/div>\n\t\t\t\t<\/div>\n\t\t\t\t<div class=\"elementor-element elementor-element-2e0f93e elementor-align-left elementor-tablet-align-center elementor-mobile-align-center elementor-widget elementor-widget-button\" data-id=\"2e0f93e\" data-element_type=\"widget\" data-widget_type=\"button.default\">\n\t\t\t\t<div class=\"elementor-widget-container\">\n\t\t\t\t\t<div class=\"elementor-button-wrapper\">\n\t\t\t<a href=\"http:\/\/n512827.yclients.com\/company:485159\/idx:0\/master?o=m1408642\" class=\"elementor-button-link elementor-button elementor-size-xs\" role=\"button\">\n\t\t\t\t\t\t<span class=\"elementor-button-content-wrapper\">\n\t\t\t\t\t\t<span class=\"elementor-button-text\">K\u00c9REK ID\u0150PONTOT<\/span>\n\t\t<\/span>\n\t\t\t\t\t<\/a>\n\t\t<\/div>\n\t\t\t\t<\/div>\n\t\t\t\t<\/div>\n\t\t\t\t\t\t<\/div>\n\t\t\t\t\t<\/div>\n\t\t<\/div>\n\t\t\t\t\t\t\t\t<\/div>\n\t\t\t\t\t<\/div>\n\t\t<\/section>\n\t\t\t\t<section class=\"elementor-section elementor-top-section elementor-element elementor-element-9bb4eb1 elementor-section-full_width elementor-reverse-tablet elementor-reverse-mobile elementor-section-height-default elementor-section-height-default\" data-id=\"9bb4eb1\" data-element_type=\"section\" data-settings=\"{&quot;background_background&quot;:&quot;classic&quot;}\">\n\t\t\t\t\t\t<div class=\"elementor-container elementor-column-gap-no\">\n\t\t\t\t\t\t\t<div class=\"elementor-row\">\n\t\t\t\t\t<div class=\"elementor-column elementor-col-50 elementor-top-column elementor-element elementor-element-36cb876\" data-id=\"36cb876\" data-element_type=\"column\">\n\t\t\t<div class=\"elementor-column-wrap elementor-element-populated\">\n\t\t\t\t\t\t\t<div class=\"elementor-widget-wrap\">\n\t\t\t\t\t\t<div class=\"elementor-element elementor-element-fd2e190 elementor-widget elementor-widget-heading\" data-id=\"fd2e190\" data-element_type=\"widget\" data-widget_type=\"heading.default\">\n\t\t\t\t<div class=\"elementor-widget-container\">\n\t\t\t<h2 class=\"elementor-heading-title elementor-size-default\">Kinek aj\u00e1nlom?<\/h2>\t\t<\/div>\n\t\t\t\t<\/div>\n\t\t\t\t<div class=\"elementor-element elementor-element-8e061c8 elementor-widget elementor-widget-text-editor\" data-id=\"8e061c8\" data-element_type=\"widget\" data-widget_type=\"text-editor.default\">\n\t\t\t\t<div class=\"elementor-widget-container\">\n\t\t\t\t\t\t\t\t<div class=\"elementor-text-editor elementor-clearfix\">\n\t\t\t\t<ul><li>Seg\u00edts\u00e9gre van sz\u00fcks\u00e9ged, hogyan k\u00e9sz\u00edtsd el a reggeli sminked, csup\u00e1n<b>\u00a05 perc alatt?<br \/><br \/><\/b><\/li><li>Nehezen v\u00e1lasztod ki a\u00a0<b>Neked val\u00f3\u00a0<\/b>alapoz\u00f3t?<br \/><br \/><\/li><li>Szeretn\u00e9d tudni, hogy alak\u00edtsd \u00e1t a\u00a0<b>nappali sminked cs\u00e1bos randisminkk\u00e9<\/b>?<\/li><\/ul><p><br \/>Foglalj id\u0151pontot, \u00edgy otthonod k\u00e9nyelm\u00e9ben megmutatom Neked, hogyan haszn\u00e1ld a m\u00e1r megl\u00e9v\u0151 term\u00e9keidet, \u00e1tbesz\u00e9lj\u00fck, hogy mire lehet m\u00e9g sz\u00fcks\u00e9ged, hogy legk\u00f6zelebb tudatosan indulj a beszerz\u00e9sre.<\/p>\t\t\t\t\t<\/div>\n\t\t\t\t\t\t<\/div>\n\t\t\t\t<\/div>\n\t\t\t\t\t\t<\/div>\n\t\t\t\t\t<\/div>\n\t\t<\/div>\n\t\t\t\t<div class=\"elementor-column elementor-col-50 elementor-top-column elementor-element elementor-element-cee4ab8\" data-id=\"cee4ab8\" data-element_type=\"column\">\n\t\t\t<div class=\"elementor-column-wrap elementor-element-populated\">\n\t\t\t\t\t\t\t<div class=\"elementor-widget-wrap\">\n\t\t\t\t\t\t<div class=\"elementor-element elementor-element-4e379e3 elementor-widget elementor-widget-image\" data-id=\"4e379e3\" data-element_type=\"widget\" data-widget_type=\"image.default\">\n\t\t\t\t<div class=\"elementor-widget-container\">\n\t\t\t\t\t\t\t\t<div class=\"elementor-image\">\n\t\t\t\t\t\t\t\t\t\t\t\t<img width=\"768\" height=\"950\" src=\"https:\/\/www.brigittebeauty.hu\/wp-content\/uploads\/2022\/04\/make-up-artist-applying-eyeshadow-face-with-brush-768x950.png\" class=\"attachment-medium_large size-medium_large\" alt=\"\" loading=\"lazy\" srcset=\"https:\/\/www.brigittebeauty.hu\/wp-content\/uploads\/2022\/04\/make-up-artist-applying-eyeshadow-face-with-brush-768x950.png 768w, https:\/\/www.brigittebeauty.hu\/wp-content\/uploads\/2022\/04\/make-up-artist-applying-eyeshadow-face-with-brush-242x300.png 242w, https:\/\/www.brigittebeauty.hu\/wp-content\/uploads\/2022\/04\/make-up-artist-applying-eyeshadow-face-with-brush-828x1024.png 828w, https:\/\/www.brigittebeauty.hu\/wp-content\/uploads\/2022\/04\/make-up-artist-applying-eyeshadow-face-with-brush-10x12.png 10w, https:\/\/www.brigittebeauty.hu\/wp-content\/uploads\/2022\/04\/make-up-artist-applying-eyeshadow-face-with-brush.png 881w\" sizes=\"(max-width: 768px) 100vw, 768px\" \/>\t\t\t\t\t\t\t\t\t\t\t\t\t\t<\/div>\n\t\t\t\t\t\t<\/div>\n\t\t\t\t<\/div>\n\t\t\t\t\t\t<\/div>\n\t\t\t\t\t<\/div>\n\t\t<\/div>\n\t\t\t\t\t\t\t\t<\/div>\n\t\t\t\t\t<\/div>\n\t\t<\/section>\n\t\t\t\t<section class=\"elementor-section elementor-top-section elementor-element elementor-element-be959b4 elementor-section-full_width elementor-section-height-default elementor-section-height-default\" data-id=\"be959b4\" data-element_type=\"section\" data-settings=\"{&quot;background_background&quot;:&quot;classic&quot;}\">\n\t\t\t\t\t\t<div class=\"elementor-container elementor-column-gap-no\">\n\t\t\t\t\t\t\t<div class=\"elementor-row\">\n\t\t\t\t\t<div class=\"elementor-column elementor-col-100 elementor-top-column elementor-element elementor-element-498f321\" data-id=\"498f321\" data-element_type=\"column\">\n\t\t\t<div class=\"elementor-column-wrap elementor-element-populated\">\n\t\t\t\t\t\t\t<div class=\"elementor-widget-wrap\">\n\t\t\t\t\t\t<div class=\"elementor-element elementor-element-10624a0 elementor-invisible elementor-widget elementor-widget-text-editor\" data-id=\"10624a0\" data-element_type=\"widget\" data-settings=\"{&quot;_animation&quot;:&quot;fadeIn&quot;}\" data-widget_type=\"text-editor.default\">\n\t\t\t\t<div class=\"elementor-widget-container\">\n\t\t\t\t\t\t\t\t<div class=\"elementor-text-editor elementor-clearfix\">\n\t\t\t\t<p>\u201cA legnagyobb v\u00e1ltoz\u00e1st azzal \u00e9rhetj\u00fck el, ha b\u00edzunk \u00f6nmagunkban, ugyanis az \u00f6nbizalom n\u0151kben \u00e9s f\u00e9rfiakban egyar\u00e1nt kifejezetten vonz\u00f3. Nem j\u00f3 taktika, ha megh\u00fazzuk magunkat, \u00e9s arra t\u00f6reksz\u00fcnk, hogy \u00e9szre se vegyenek: ink\u00e1bb igenis mutassuk meg a vil\u00e1gnak elragad\u00f3 hajkoron\u00e1nkat, kiemelked\u0151 st\u00edlus\u00e9rz\u00e9k\u00fcnket vagy gy\u00f6ny\u00f6r\u0171 k\u00e9zfej\u00fcnket. Ha siker\u00fcl megtanulnunk, hogyan szerethetj\u00fck meg kin\u00e9zet\u00fcnket, akkor a k\u00f6rnyezet\u00fcnk is ugyan\u00edgy tesz majd.\u201d<\/p>\t\t\t\t\t<\/div>\n\t\t\t\t\t\t<\/div>\n\t\t\t\t<\/div>\n\t\t\t\t\t\t<\/div>\n\t\t\t\t\t<\/div>\n\t\t<\/div>\n\t\t\t\t\t\t\t\t<\/div>\n\t\t\t\t\t<\/div>\n\t\t<\/section>\n\t\t\t\t<section class=\"elementor-section elementor-top-section elementor-element elementor-element-c9142d3 elementor-section-full_width elementor-section-height-default elementor-section-height-default\" data-id=\"c9142d3\" data-element_type=\"section\">\n\t\t\t\t\t\t<div class=\"elementor-container elementor-column-gap-default\">\n\t\t\t\t\t\t\t<div class=\"elementor-row\">\n\t\t\t\t\t<div class=\"elementor-column elementor-col-33 elementor-top-column elementor-element elementor-element-ec7b4b0\" data-id=\"ec7b4b0\" data-element_type=\"column\" data-settings=\"{&quot;background_background&quot;:&quot;classic&quot;}\">\n\t\t\t<div class=\"elementor-column-wrap elementor-element-populated\">\n\t\t\t\t\t\t\t<div class=\"elementor-widget-wrap\">\n\t\t\t\t\t\t<div class=\"elementor-element elementor-element-3f611e1 elementor-widget elementor-widget-heading\" data-id=\"3f611e1\" data-element_type=\"widget\" data-widget_type=\"heading.default\">\n\t\t\t\t<div class=\"elementor-widget-container\">\n\t\t\t<h2 class=\"elementor-heading-title elementor-size-default\">Mit tartalmaz a sminkoktat\u00e1s?<\/h2>\t\t<\/div>\n\t\t\t\t<\/div>\n\t\t\t\t<div class=\"elementor-element elementor-element-578b688 elementor-widget elementor-widget-text-editor\" data-id=\"578b688\" data-element_type=\"widget\" data-widget_type=\"text-editor.default\">\n\t\t\t\t<div class=\"elementor-widget-container\">\n\t\t\t\t\t\t\t\t<div class=\"elementor-text-editor elementor-clearfix\">\n\t\t\t\t<p>\u00c1tn\u00e9zz\u00fck a nesszeszeredet \u00e9s rendszerezz\u00fck<\/p><p>Alap b\u0151r\u00e1pol\u00e1si tan\u00e1csad\u00e1s<\/p><p>Sz\u00ednelm\u00e9let<\/p><p>Anyag- \u00e9s eszk\u00f6zismeret<\/p><p>Alapoz\u00e1s \u00e9s arcform\u00e1z\u00e1s<\/p><p>Szem\u00f6ld\u00f6kform\u00e1z\u00e1s<\/p><p>Szem sminkel\u00e9se, nappalib\u00f3l alkalmi smink<\/p><p>Ajakfest\u00e9s<\/p><p>Ig\u00e9ny eset\u00e9n szem\u00e9lyre tudjuk szabni az oktat\u00e1s.<br \/><br \/><\/p>\t\t\t\t\t<\/div>\n\t\t\t\t\t\t<\/div>\n\t\t\t\t<\/div>\n\t\t\t\t\t\t<\/div>\n\t\t\t\t\t<\/div>\n\t\t<\/div>\n\t\t\t\t<div class=\"elementor-column elementor-col-33 elementor-top-column elementor-element elementor-element-f2774da\" data-id=\"f2774da\" data-element_type=\"column\" data-settings=\"{&quot;background_background&quot;:&quot;classic&quot;}\">\n\t\t\t<div class=\"elementor-column-wrap elementor-element-populated\">\n\t\t\t\t\t\t\t<div class=\"elementor-widget-wrap\">\n\t\t\t\t\t\t<div class=\"elementor-element elementor-element-0aab23c elementor-widget elementor-widget-heading\" data-id=\"0aab23c\" data-element_type=\"widget\" data-widget_type=\"heading.default\">\n\t\t\t\t<div class=\"elementor-widget-container\">\n\t\t\t<h2 class=\"elementor-heading-title elementor-size-default\">Aj\u00e1nd\u00e9kba adn\u00e1d valakinek?\n<\/h2>\t\t<\/div>\n\t\t\t\t<\/div>\n\t\t\t\t<div class=\"elementor-element elementor-element-15c6cbc elementor-widget elementor-widget-text-editor\" data-id=\"15c6cbc\" data-element_type=\"widget\" data-widget_type=\"text-editor.default\">\n\t\t\t\t<div class=\"elementor-widget-container\">\n\t\t\t\t\t\t\t\t<div class=\"elementor-text-editor elementor-clearfix\">\n\t\t\t\t<p>V\u00e1laszd ezt az aj\u00e1nd\u00e9kot valakinek, akir\u0151l tudod, vonzza a sminkek vil\u00e1ga, de kiss\u00e9 bizonytalan a sminkel\u00e9sben<\/p>\n<p>Az oktat\u00e1s teljesen szem\u00e9lyre szabott<br><br><\/p>\n<p>Minden koroszt\u00e1ly sz\u00e1m\u00e1ra aj\u00e1nlott, mivel \u00fcgyelek arra, hogy mindenki haszn\u00e1lhat\u00f3 tud\u00e1s birtok\u00e1ba ker\u00fclj\u00f6n.<br><br><\/p>\n<p><\/p>\n<p>Ez ut\u00e1n az alkalom ut\u00e1n magabiztosabban ny\u00fal a megfelel\u0151 sz\u00ednek \u00e9s term\u00e9kek ut\u00e1n, mivel seg\u00edtek, hogy a legt\u00f6bbet hozza ki mag\u00e1b\u00f3l<\/p>\t\t\t\t\t<\/div>\n\t\t\t\t\t\t<\/div>\n\t\t\t\t<\/div>\n\t\t\t\t\t\t<\/div>\n\t\t\t\t\t<\/div>\n\t\t<\/div>\n\t\t\t\t<div class=\"elementor-column elementor-col-33 elementor-top-column elementor-element elementor-element-8792bd3\" data-id=\"8792bd3\" data-element_type=\"column\" data-settings=\"{&quot;background_background&quot;:&quot;classic&quot;}\">\n\t\t\t<div class=\"elementor-column-wrap elementor-element-populated\">\n\t\t\t\t\t\t\t<div class=\"elementor-widget-wrap\">\n\t\t\t\t\t\t<div class=\"elementor-element elementor-element-9829009 elementor-widget elementor-widget-heading\" data-id=\"9829009\" data-element_type=\"widget\" data-widget_type=\"heading.default\">\n\t\t\t\t<div class=\"elementor-widget-container\">\n\t\t\t<h2 class=\"elementor-heading-title elementor-size-default\">K\u00f6z\u00f6s sminkoktat\u00e1s ig\u00e9nyelhet\u0151?<\/h2>\t\t<\/div>\n\t\t\t\t<\/div>\n\t\t\t\t<div class=\"elementor-element elementor-element-1c9b6bd elementor-widget elementor-widget-text-editor\" data-id=\"1c9b6bd\" data-element_type=\"widget\" data-widget_type=\"text-editor.default\">\n\t\t\t\t<div class=\"elementor-widget-container\">\n\t\t\t\t\t\t\t\t<div class=\"elementor-text-editor elementor-clearfix\">\n\t\t\t\t<p>Szeretn\u00e9l egy k\u00f6z\u00f6s programot, egy k\u00f6z\u00f6s \u00e9lm\u00e9nyt bar\u00e1tn\u0151ddel, \u00e9desany\u00e1ddal? Bar\u00e1tn\u0151napot vagy sz\u00e9ps\u00e9gnapot szervezel l\u00e1nyb\u00facs\u00fara, sz\u00fclet\u00e9snapra? A p\u00e1ros vagy k\u00f6z\u00f6s sminkoktat\u00e1st pont emiatt tal\u00e1ltam ki.<\/p><p>Ezen a kiscsoportos foglalkoz\u00e1son meghitt hangulatban k\u00e9sz\u00fcl\u0151dhettek, m\u00e9gis maxim\u00e1lis figyelmet \u00e9lvezhettek. Szeml\u00e9ltetem, hogy a k\u00fcl\u00f6nb\u00f6z\u0151 arcokb\u00f3l mit lehet kihozni, kinek mi \u00e1ll j\u00f3l igaz\u00e1n.<br \/>T\u00f6ltsetek el egy kiv\u00e9teles alkalmat egy\u00fctt. <\/p><p>Maximum 3 f\u0151ig.<\/p>\t\t\t\t\t<\/div>\n\t\t\t\t\t\t<\/div>\n\t\t\t\t<\/div>\n\t\t\t\t\t\t<\/div>\n\t\t\t\t\t<\/div>\n\t\t<\/div>\n\t\t\t\t\t\t\t\t<\/div>\n\t\t\t\t\t<\/div>\n\t\t<\/section>\n\t\t\t\t\t\t\t\t\t<\/div>\n\t\t\t<\/div>\n\t\t\t\t\t<\/div>","protected":false},"excerpt":{"rendered":"Tanuld meg a sz\u00e1modra legel\u0151ny\u00f6sebb sminket elk\u00e9sz\u00edteni magadnak, ami nem csak sz\u00e9p, hanem eg\u00e9sz nap tart is! Korhat\u00e1rt\u00f3l f\u00fcggetlen\u00fcl! Lehetsz 12, 32 vagy 62, a kor nem sz\u00e1m\u00edt. Megismerkedhetsz \u00faj term\u00e9kekkel, m\u00e1rk\u00e1kkal, amelyekr\u0151l m\u00e9g nem hallott\u00e1l, vagy m\u00e1r r\u00e9g ki akartad pr\u00f3b\u00e1lni, vagy ak\u00e1r meger\u0151s\u00edt\u00e9st \u00e9s visszajelz\u00e9st is kaphatsz az otthon \u00e1ltalad jelenleg is haszn\u00e1lt","protected":false},"author":1,"featured_media":0,"parent":0,"menu_order":0,"comment_status":"closed","ping_status":"closed","template":"","meta":{"om_disable_all_campaigns":false,"_mi_skip_tracking":false},"aioseo_notices":[],"_links":{"self":[{"href":"https:\/\/www.brigittebeauty.hu\/en\/wp-json\/wp\/v2\/pages\/243"}],"collection":[{"href":"https:\/\/www.brigittebeauty.hu\/en\/wp-json\/wp\/v2\/pages"}],"about":[{"href":"https:\/\/www.brigittebeauty.hu\/en\/wp-json\/wp\/v2\/types\/page"}],"author":[{"embeddable":true,"href":"https:\/\/www.brigittebeauty.hu\/en\/wp-json\/wp\/v2\/users\/1"}],"replies":[{"embeddable":true,"href":"https:\/\/www.brigittebeauty.hu\/en\/wp-json\/wp\/v2\/comments?post=243"}],"version-history":[{"count":43,"href":"https:\/\/www.brigittebeauty.hu\/en\/wp-json\/wp\/v2\/pages\/243\/revisions"}],"predecessor-version":[{"id":1665,"href":"https:\/\/www.brigittebeauty.hu\/en\/wp-json\/wp\/v2\/pages\/243\/revisions\/1665"}],"wp:attachment":[{"href":"https:\/\/www.brigittebeauty.hu\/en\/wp-json\/wp\/v2\/media?parent=243"}],"curies":[{"name":"wp","href":"https:\/\/api.w.org\/{rel}","templated":true}]}}