{"id":395,"date":"2021-02-12T15:20:47","date_gmt":"2021-02-12T14:20:47","guid":{"rendered":"http:\/\/www.brigittebeauty.hu\/?page_id=395"},"modified":"2023-04-02T17:26:52","modified_gmt":"2023-04-02T15:26:52","slug":"magamrol","status":"publish","type":"page","link":"https:\/\/www.brigittebeauty.hu\/en\/magamrol\/","title":{"rendered":"Magamr\u00f3l"},"content":{"rendered":"<div data-elementor-type=\"wp-page\" data-elementor-id=\"395\" class=\"elementor elementor-395\">\n\t\t\t\t\t\t<div class=\"elementor-inner\">\n\t\t\t\t<div class=\"elementor-section-wrap\">\n\t\t\t\t\t\t\t\t\t<section class=\"elementor-section elementor-top-section elementor-element elementor-element-c1e9098 elementor-section-full_width elementor-section-height-default elementor-section-height-default\" data-id=\"c1e9098\" data-element_type=\"section\" data-settings=\"{&quot;background_background&quot;:&quot;classic&quot;}\">\n\t\t\t\t\t\t<div class=\"elementor-container elementor-column-gap-no\">\n\t\t\t\t\t\t\t<div class=\"elementor-row\">\n\t\t\t\t\t<div class=\"elementor-column elementor-col-50 elementor-top-column elementor-element elementor-element-12d9690\" data-id=\"12d9690\" data-element_type=\"column\">\n\t\t\t<div class=\"elementor-column-wrap elementor-element-populated\">\n\t\t\t\t\t\t\t<div class=\"elementor-widget-wrap\">\n\t\t\t\t\t\t<div class=\"elementor-element elementor-element-b818e75 animated-slow elementor-invisible elementor-widget elementor-widget-image\" data-id=\"b818e75\" data-element_type=\"widget\" data-settings=\"{&quot;_animation&quot;:&quot;fadeIn&quot;}\" data-widget_type=\"image.default\">\n\t\t\t\t<div class=\"elementor-widget-container\">\n\t\t\t\t\t\t\t\t<div class=\"elementor-image\">\n\t\t\t\t\t\t\t\t\t\t\t\t<img width=\"960\" height=\"1280\" src=\"https:\/\/www.brigittebeauty.hu\/wp-content\/uploads\/2023\/04\/R3174351-rotated.jpeg\" class=\"attachment-full size-full\" alt=\"\" loading=\"lazy\" srcset=\"https:\/\/www.brigittebeauty.hu\/wp-content\/uploads\/2023\/04\/R3174351-rotated.jpeg 960w, https:\/\/www.brigittebeauty.hu\/wp-content\/uploads\/2023\/04\/R3174351-225x300.jpeg 225w, https:\/\/www.brigittebeauty.hu\/wp-content\/uploads\/2023\/04\/R3174351-768x1024.jpeg 768w, https:\/\/www.brigittebeauty.hu\/wp-content\/uploads\/2023\/04\/R3174351-9x12.jpeg 9w\" sizes=\"(max-width: 960px) 100vw, 960px\" \/>\t\t\t\t\t\t\t\t\t\t\t\t\t\t<\/div>\n\t\t\t\t\t\t<\/div>\n\t\t\t\t<\/div>\n\t\t\t\t\t\t<\/div>\n\t\t\t\t\t<\/div>\n\t\t<\/div>\n\t\t\t\t<div class=\"elementor-column elementor-col-50 elementor-top-column elementor-element elementor-element-0d057fb\" data-id=\"0d057fb\" data-element_type=\"column\">\n\t\t\t<div class=\"elementor-column-wrap elementor-element-populated\">\n\t\t\t\t\t\t\t<div class=\"elementor-widget-wrap\">\n\t\t\t\t\t\t<div class=\"elementor-element elementor-element-77cef58 elementor-widget elementor-widget-heading\" data-id=\"77cef58\" data-element_type=\"widget\" data-widget_type=\"heading.default\">\n\t\t\t\t<div class=\"elementor-widget-container\">\n\t\t\t<h2 class=\"elementor-heading-title elementor-size-default\">\u00dcdv\u00f6z\u00f6llek Kedves L\u00e1togat\u00f3!<br><\/h2>\t\t<\/div>\n\t\t\t\t<\/div>\n\t\t\t\t<div class=\"elementor-element elementor-element-d35d7da elementor-widget elementor-widget-text-editor\" data-id=\"d35d7da\" data-element_type=\"widget\" data-widget_type=\"text-editor.default\">\n\t\t\t\t<div class=\"elementor-widget-container\">\n\t\t\t\t\t\t\t\t<div class=\"elementor-text-editor elementor-clearfix\">\n\t\t\t\t<p>Vany\u00f3czky Brigitta vagyok, Magyarorsz\u00e1gon egyed\u00fcl\u00e1ll\u00f3 fest\u0151 \u00e9s grafikus m\u0171v\u00e9sz v\u00e9gzetts\u00e9ggel rendelkez\u0151 mester sminkes \u00e9s szempilla stylist.\u00a0<\/p>\t\t\t\t\t<\/div>\n\t\t\t\t\t\t<\/div>\n\t\t\t\t<\/div>\n\t\t\t\t\t\t<\/div>\n\t\t\t\t\t<\/div>\n\t\t<\/div>\n\t\t\t\t\t\t\t\t<\/div>\n\t\t\t\t\t<\/div>\n\t\t<\/section>\n\t\t\t\t<section class=\"elementor-section elementor-top-section elementor-element elementor-element-28f3f75 elementor-reverse-mobile elementor-section-full_width elementor-section-height-default elementor-section-height-default\" data-id=\"28f3f75\" data-element_type=\"section\" data-settings=\"{&quot;background_background&quot;:&quot;classic&quot;}\">\n\t\t\t\t\t\t<div class=\"elementor-container elementor-column-gap-no\">\n\t\t\t\t\t\t\t<div class=\"elementor-row\">\n\t\t\t\t\t<div class=\"elementor-column elementor-col-50 elementor-top-column elementor-element elementor-element-4399cfc\" data-id=\"4399cfc\" data-element_type=\"column\">\n\t\t\t<div class=\"elementor-column-wrap elementor-element-populated\">\n\t\t\t\t\t\t\t<div class=\"elementor-widget-wrap\">\n\t\t\t\t\t\t<div class=\"elementor-element elementor-element-6b3c89e elementor-widget elementor-widget-text-editor\" data-id=\"6b3c89e\" data-element_type=\"widget\" data-widget_type=\"text-editor.default\">\n\t\t\t\t<div class=\"elementor-widget-container\">\n\t\t\t\t\t\t\t\t<div class=\"elementor-text-editor elementor-clearfix\">\n\t\t\t\t<p>Egyetemi tanulm\u00e1nyaim sor\u00e1n rengeteg alkot\u00e1som k\u00e9sz\u00fclt, t\u00f6bbek k\u00f6z\u00f6tt olajfestm\u00e9nyek, bels\u0151\u00e9p\u00edt\u00e9szeti l\u00e1tv\u00e1nytervek, anat\u00f3miai rajzok, akt modell \u00e1br\u00e1zol\u00e1sok, k\u00f6nyv illusztr\u00e1ci\u00f3k, r\u00e9zkarcok, smink Face-chartok \u00e9s sok egy\u00e9b kreat\u00edv illusztr\u00e1ci\u00f3.\u00a0<\/p><p>A hossz\u00fa \u00e9vek alkot\u00f3i munk\u00e1i sor\u00e1n\u00a0\u00a0r\u00e1l\u00e1t\u00e1som lett a form\u00e1k, sz\u00ednek, text\u00far\u00e1k hatalmas v\u00e1laszt\u00e9k\u00e1ba, ez\u00e1ltal elsaj\u00e1t\u00edthattam egy olyan komplex tud\u00e1st, amellyel magabiztosan \u00e1llok hozz\u00e1 b\u00e1rmilyen alkot\u00f3i feladathoz, professzion\u00e1lis sminkhez, vagy szempilla stylinghoz.\u00a0<\/p>\t\t\t\t\t<\/div>\n\t\t\t\t\t\t<\/div>\n\t\t\t\t<\/div>\n\t\t\t\t\t\t<\/div>\n\t\t\t\t\t<\/div>\n\t\t<\/div>\n\t\t\t\t<div class=\"elementor-column elementor-col-50 elementor-top-column elementor-element elementor-element-441f5b6\" data-id=\"441f5b6\" data-element_type=\"column\">\n\t\t\t<div class=\"elementor-column-wrap elementor-element-populated\">\n\t\t\t\t\t\t\t<div class=\"elementor-widget-wrap\">\n\t\t\t\t\t\t<div class=\"elementor-element elementor-element-e1db4d1 animated-slow elementor-invisible elementor-widget elementor-widget-image\" data-id=\"e1db4d1\" data-element_type=\"widget\" data-settings=\"{&quot;_animation&quot;:&quot;fadeIn&quot;}\" data-widget_type=\"image.default\">\n\t\t\t\t<div class=\"elementor-widget-container\">\n\t\t\t\t\t\t\t\t<div class=\"elementor-image\">\n\t\t\t\t\t\t\t\t\t\t\t\t<img width=\"960\" height=\"1280\" src=\"https:\/\/www.brigittebeauty.hu\/wp-content\/uploads\/2023\/04\/R3174337-rotated.jpeg\" class=\"attachment-full size-full\" alt=\"\" loading=\"lazy\" srcset=\"https:\/\/www.brigittebeauty.hu\/wp-content\/uploads\/2023\/04\/R3174337-rotated.jpeg 960w, https:\/\/www.brigittebeauty.hu\/wp-content\/uploads\/2023\/04\/R3174337-225x300.jpeg 225w, https:\/\/www.brigittebeauty.hu\/wp-content\/uploads\/2023\/04\/R3174337-768x1024.jpeg 768w, https:\/\/www.brigittebeauty.hu\/wp-content\/uploads\/2023\/04\/R3174337-9x12.jpeg 9w\" sizes=\"(max-width: 960px) 100vw, 960px\" \/>\t\t\t\t\t\t\t\t\t\t\t\t\t\t<\/div>\n\t\t\t\t\t\t<\/div>\n\t\t\t\t<\/div>\n\t\t\t\t\t\t<\/div>\n\t\t\t\t\t<\/div>\n\t\t<\/div>\n\t\t\t\t\t\t\t\t<\/div>\n\t\t\t\t\t<\/div>\n\t\t<\/section>\n\t\t\t\t<section class=\"elementor-section elementor-top-section elementor-element elementor-element-f73a285 elementor-reverse-mobile elementor-section-full_width elementor-section-height-default elementor-section-height-default\" data-id=\"f73a285\" data-element_type=\"section\" data-settings=\"{&quot;background_background&quot;:&quot;classic&quot;}\">\n\t\t\t\t\t\t<div class=\"elementor-container elementor-column-gap-no\">\n\t\t\t\t\t\t\t<div class=\"elementor-row\">\n\t\t\t\t\t<div class=\"elementor-column elementor-col-50 elementor-top-column elementor-element elementor-element-0865a09\" data-id=\"0865a09\" data-element_type=\"column\">\n\t\t\t<div class=\"elementor-column-wrap elementor-element-populated\">\n\t\t\t\t\t\t\t<div class=\"elementor-widget-wrap\">\n\t\t\t\t\t\t<div class=\"elementor-element elementor-element-cfc3afc animated-slow elementor-invisible elementor-widget elementor-widget-image\" data-id=\"cfc3afc\" data-element_type=\"widget\" data-settings=\"{&quot;_animation&quot;:&quot;fadeIn&quot;}\" data-widget_type=\"image.default\">\n\t\t\t\t<div class=\"elementor-widget-container\">\n\t\t\t\t\t\t\t\t<div class=\"elementor-image\">\n\t\t\t\t\t\t\t\t\t\t\t\t<img width=\"1080\" height=\"1079\" src=\"https:\/\/www.brigittebeauty.hu\/wp-content\/uploads\/2022\/01\/131933807_1474610752728939_6392985540864499020_n.png\" class=\"attachment-full size-full\" alt=\"\" loading=\"lazy\" srcset=\"https:\/\/www.brigittebeauty.hu\/wp-content\/uploads\/2022\/01\/131933807_1474610752728939_6392985540864499020_n.png 1080w, https:\/\/www.brigittebeauty.hu\/wp-content\/uploads\/2022\/01\/131933807_1474610752728939_6392985540864499020_n-150x150.png 150w, https:\/\/www.brigittebeauty.hu\/wp-content\/uploads\/2022\/01\/131933807_1474610752728939_6392985540864499020_n-300x300.png 300w, https:\/\/www.brigittebeauty.hu\/wp-content\/uploads\/2022\/01\/131933807_1474610752728939_6392985540864499020_n-768x767.png 768w, https:\/\/www.brigittebeauty.hu\/wp-content\/uploads\/2022\/01\/131933807_1474610752728939_6392985540864499020_n-1024x1024.png 1024w\" sizes=\"(max-width: 1080px) 100vw, 1080px\" \/>\t\t\t\t\t\t\t\t\t\t\t\t\t\t<\/div>\n\t\t\t\t\t\t<\/div>\n\t\t\t\t<\/div>\n\t\t\t\t\t\t<\/div>\n\t\t\t\t\t<\/div>\n\t\t<\/div>\n\t\t\t\t<div class=\"elementor-column elementor-col-50 elementor-top-column elementor-element elementor-element-6736c33\" data-id=\"6736c33\" data-element_type=\"column\">\n\t\t\t<div class=\"elementor-column-wrap elementor-element-populated\">\n\t\t\t\t\t\t\t<div class=\"elementor-widget-wrap\">\n\t\t\t\t\t\t<div class=\"elementor-element elementor-element-2566136 elementor-widget elementor-widget-text-editor\" data-id=\"2566136\" data-element_type=\"widget\" data-widget_type=\"text-editor.default\">\n\t\t\t\t<div class=\"elementor-widget-container\">\n\t\t\t\t\t\t\t\t<div class=\"elementor-text-editor elementor-clearfix\">\n\t\t\t\t<p>Az utols\u00f3 egyetemi \u00e9vem alatt v\u00e9geztem el profi sminkiskol\u00e1t, Farag\u00f3 Zsuzsanna (mester sminkes) mentor\u00e1las\u00e1val, illetve elsaj\u00e1t\u00edtottam az orosz (Russian volume 4-5D) szempilla\u00e9p\u00edt\u00e9s technik\u00e1j\u00e1t Szab\u00f3 Rit\u00e1t\u00f3l ( aki 2016 \u00e9v szempilla stylitsja volt).<\/p>\t\t\t\t\t<\/div>\n\t\t\t\t\t\t<\/div>\n\t\t\t\t<\/div>\n\t\t\t\t\t\t<\/div>\n\t\t\t\t\t<\/div>\n\t\t<\/div>\n\t\t\t\t\t\t\t\t<\/div>\n\t\t\t\t\t<\/div>\n\t\t<\/section>\n\t\t\t\t<section class=\"elementor-section elementor-top-section elementor-element elementor-element-a7046b4 elementor-section-boxed elementor-section-height-default elementor-section-height-default\" data-id=\"a7046b4\" data-element_type=\"section\" data-settings=\"{&quot;background_background&quot;:&quot;slideshow&quot;,&quot;background_slideshow_gallery&quot;:[{&quot;id&quot;:1880,&quot;url&quot;:&quot;http:\\\/\\\/www.brigittebeauty.hu\\\/wp-content\\\/uploads\\\/2023\\\/04\\\/P3170077-2.jpeg&quot;},{&quot;id&quot;:1881,&quot;url&quot;:&quot;http:\\\/\\\/www.brigittebeauty.hu\\\/wp-content\\\/uploads\\\/2023\\\/04\\\/R3174359-1.jpeg&quot;},{&quot;id&quot;:1882,&quot;url&quot;:&quot;http:\\\/\\\/www.brigittebeauty.hu\\\/wp-content\\\/uploads\\\/2023\\\/04\\\/unnamed-1-1-scaled.jpg&quot;}],&quot;background_slideshow_loop&quot;:&quot;yes&quot;,&quot;background_slideshow_slide_duration&quot;:5000,&quot;background_slideshow_slide_transition&quot;:&quot;fade&quot;,&quot;background_slideshow_transition_duration&quot;:500}\">\n\t\t\t\t\t\t<div class=\"elementor-container elementor-column-gap-default\">\n\t\t\t\t\t\t\t<div class=\"elementor-row\">\n\t\t\t\t\t<div class=\"elementor-column elementor-col-100 elementor-top-column elementor-element elementor-element-b505ad3\" data-id=\"b505ad3\" data-element_type=\"column\">\n\t\t\t<div class=\"elementor-column-wrap elementor-element-populated\">\n\t\t\t\t\t\t\t<div class=\"elementor-widget-wrap\">\n\t\t\t\t\t\t<section class=\"elementor-section elementor-inner-section elementor-element elementor-element-9075cf4 elementor-section-content-middle elementor-section-boxed elementor-section-height-default elementor-section-height-default\" data-id=\"9075cf4\" data-element_type=\"section\" data-settings=\"{&quot;background_background&quot;:&quot;classic&quot;}\">\n\t\t\t\t\t\t<div class=\"elementor-container elementor-column-gap-default\">\n\t\t\t\t\t\t\t<div class=\"elementor-row\">\n\t\t\t\t\t<div class=\"elementor-column elementor-col-100 elementor-inner-column elementor-element elementor-element-efcbbea\" data-id=\"efcbbea\" data-element_type=\"column\">\n\t\t\t<div class=\"elementor-column-wrap elementor-element-populated\">\n\t\t\t\t\t\t\t<div class=\"elementor-widget-wrap\">\n\t\t\t\t\t\t<div class=\"elementor-element elementor-element-10ad5ff elementor-widget elementor-widget-text-editor\" data-id=\"10ad5ff\" data-element_type=\"widget\" data-widget_type=\"text-editor.default\">\n\t\t\t\t<div class=\"elementor-widget-container\">\n\t\t\t\t\t\t\t\t<div class=\"elementor-text-editor elementor-clearfix\">\n\t\t\t\t<p>Ha biztos kezekre \u00e9s min\u0151s\u00e9gi szolg\u00e1ltat\u00e1sra v\u00e1gysz, b\u00edzd magad egy igazi profira!<br><\/p>\n<p>\u00c1prilisban megnyitottam az \u00faj sz\u00e9ps\u00e9g st\u00fadi\u00f3mat&nbsp;Bud\u00e1n, a&nbsp;<strong><a href=\"https:\/\/www.google.com\/maps\/search\/Bem+J%C3%B3zsef+utca+12?entry=gmail&amp;source=g\" target=\"_blank\" rel=\"noopener\" data-saferedirecturl=\"https:\/\/www.google.com\/url?q=https:\/\/www.google.com\/maps\/search\/Bem%2BJ%25C3%25B3zsef%2Butca%2B12?entry%3Dgmail%26source%3Dg&amp;source=gmail&amp;ust=1655052701872000&amp;usg=AOvVaw0_upYVXT8J-q2vPDmpvJM2\">Bem J\u00f3zsef utca 12<\/a>.<\/strong>&nbsp;sz\u00e1m alatt.<\/p>\n<p>Budapesten kiv\u00fcli kisz\u00e1ll\u00e1s d\u00edja 5 000 Ft alkalmank\u00e9nt.<\/p>\n<p><a href=\"https:\/\/n512827.alteg.io\/\">Id\u0151pont minden nap foglalhat\u00f3<\/a> <img draggable=\"false\" role=\"img\" class=\"emoji\" alt=\"\u2764\ufe0f\" src=\"https:\/\/s.w.org\/images\/core\/emoji\/13.1.0\/svg\/2764.svg\"><\/p>\t\t\t\t\t<\/div>\n\t\t\t\t\t\t<\/div>\n\t\t\t\t<\/div>\n\t\t\t\t\t\t<\/div>\n\t\t\t\t\t<\/div>\n\t\t<\/div>\n\t\t\t\t\t\t\t\t<\/div>\n\t\t\t\t\t<\/div>\n\t\t<\/section>\n\t\t\t\t\t\t<\/div>\n\t\t\t\t\t<\/div>\n\t\t<\/div>\n\t\t\t\t\t\t\t\t<\/div>\n\t\t\t\t\t<\/div>\n\t\t<\/section>\n\t\t\t\t\t\t\t\t\t<\/div>\n\t\t\t<\/div>\n\t\t\t\t\t<\/div>","protected":false},"excerpt":{"rendered":"\u00dcdv\u00f6z\u00f6llek Kedves L\u00e1togat\u00f3! Vany\u00f3czky Brigitta vagyok, Magyarorsz\u00e1gon egyed\u00fcl\u00e1ll\u00f3 fest\u0151 \u00e9s grafikus m\u0171v\u00e9sz v\u00e9gzetts\u00e9ggel rendelkez\u0151 mester sminkes \u00e9s szempilla stylist.\u00a0 Egyetemi tanulm\u00e1nyaim sor\u00e1n rengeteg alkot\u00e1som k\u00e9sz\u00fclt, t\u00f6bbek k\u00f6z\u00f6tt olajfestm\u00e9nyek, bels\u0151\u00e9p\u00edt\u00e9szeti l\u00e1tv\u00e1nytervek, anat\u00f3miai rajzok, akt modell \u00e1br\u00e1zol\u00e1sok, k\u00f6nyv illusztr\u00e1ci\u00f3k, r\u00e9zkarcok, smink Face-chartok \u00e9s sok egy\u00e9b kreat\u00edv illusztr\u00e1ci\u00f3.\u00a0 A hossz\u00fa \u00e9vek alkot\u00f3i munk\u00e1i sor\u00e1n\u00a0\u00a0r\u00e1l\u00e1t\u00e1som lett a form\u00e1k, sz\u00ednek,","protected":false},"author":1,"featured_media":527,"parent":0,"menu_order":0,"comment_status":"closed","ping_status":"closed","template":"","meta":{"om_disable_all_campaigns":false,"_mi_skip_tracking":false},"aioseo_notices":[],"_links":{"self":[{"href":"https:\/\/www.brigittebeauty.hu\/en\/wp-json\/wp\/v2\/pages\/395"}],"collection":[{"href":"https:\/\/www.brigittebeauty.hu\/en\/wp-json\/wp\/v2\/pages"}],"about":[{"href":"https:\/\/www.brigittebeauty.hu\/en\/wp-json\/wp\/v2\/types\/page"}],"author":[{"embeddable":true,"href":"https:\/\/www.brigittebeauty.hu\/en\/wp-json\/wp\/v2\/users\/1"}],"replies":[{"embeddable":true,"href":"https:\/\/www.brigittebeauty.hu\/en\/wp-json\/wp\/v2\/comments?post=395"}],"version-history":[{"count":72,"href":"https:\/\/www.brigittebeauty.hu\/en\/wp-json\/wp\/v2\/pages\/395\/revisions"}],"predecessor-version":[{"id":1885,"href":"https:\/\/www.brigittebeauty.hu\/en\/wp-json\/wp\/v2\/pages\/395\/revisions\/1885"}],"wp:featuredmedia":[{"embeddable":true,"href":"https:\/\/www.brigittebeauty.hu\/en\/wp-json\/wp\/v2\/media\/527"}],"wp:attachment":[{"href":"https:\/\/www.brigittebeauty.hu\/en\/wp-json\/wp\/v2\/media?parent=395"}],"curies":[{"name":"wp","href":"https:\/\/api.w.org\/{rel}","templated":true}]}}