{"id":438,"date":"2021-02-12T20:16:23","date_gmt":"2021-02-12T19:16:23","guid":{"rendered":"http:\/\/www.brigittebeauty.hu\/?page_id=438"},"modified":"2022-02-20T14:00:44","modified_gmt":"2022-02-20T13:00:44","slug":"smink","status":"publish","type":"page","link":"https:\/\/www.brigittebeauty.hu\/en\/smink\/","title":{"rendered":"Makeup"},"content":{"rendered":"<div data-elementor-type=\"wp-page\" data-elementor-id=\"438\" class=\"elementor elementor-438\">\n\t\t\t\t\t\t<div class=\"elementor-inner\">\n\t\t\t\t<div class=\"elementor-section-wrap\">\n\t\t\t\t\t\t\t\t\t<section class=\"elementor-section elementor-top-section elementor-element elementor-element-6f12f0c elementor-section-full_width elementor-section-height-default elementor-section-height-default\" data-id=\"6f12f0c\" data-element_type=\"section\" data-settings=\"{&quot;background_background&quot;:&quot;classic&quot;}\">\n\t\t\t\t\t\t<div class=\"elementor-container elementor-column-gap-default\">\n\t\t\t\t\t\t\t<div class=\"elementor-row\">\n\t\t\t\t\t<div class=\"elementor-column elementor-col-33 elementor-top-column elementor-element elementor-element-10b1b44\" data-id=\"10b1b44\" data-element_type=\"column\" data-settings=\"{&quot;background_background&quot;:&quot;classic&quot;}\">\n\t\t\t<div class=\"elementor-column-wrap elementor-element-populated\">\n\t\t\t\t\t\t\t<div class=\"elementor-widget-wrap\">\n\t\t\t\t\t\t<div class=\"elementor-element elementor-element-3fe450a elementor-widget elementor-widget-image\" data-id=\"3fe450a\" data-element_type=\"widget\" data-widget_type=\"image.default\">\n\t\t\t\t<div class=\"elementor-widget-container\">\n\t\t\t\t\t\t\t\t<div class=\"elementor-image\">\n\t\t\t\t\t\t\t\t\t\t\t\t<img width=\"1024\" height=\"1024\" src=\"https:\/\/www.brigittebeauty.hu\/wp-content\/uploads\/2022\/01\/130747969_446377386415163_6016198191770161373_n-1024x1024.jpg\" class=\"attachment-large size-large\" alt=\"\" loading=\"lazy\" srcset=\"https:\/\/www.brigittebeauty.hu\/wp-content\/uploads\/2022\/01\/130747969_446377386415163_6016198191770161373_n-1024x1024.jpg 1024w, https:\/\/www.brigittebeauty.hu\/wp-content\/uploads\/2022\/01\/130747969_446377386415163_6016198191770161373_n-150x150.jpg 150w, https:\/\/www.brigittebeauty.hu\/wp-content\/uploads\/2022\/01\/130747969_446377386415163_6016198191770161373_n-300x300.jpg 300w, https:\/\/www.brigittebeauty.hu\/wp-content\/uploads\/2022\/01\/130747969_446377386415163_6016198191770161373_n-768x768.jpg 768w, https:\/\/www.brigittebeauty.hu\/wp-content\/uploads\/2022\/01\/130747969_446377386415163_6016198191770161373_n.jpg 1080w\" sizes=\"(max-width: 1024px) 100vw, 1024px\" \/>\t\t\t\t\t\t\t\t\t\t\t\t\t\t<\/div>\n\t\t\t\t\t\t<\/div>\n\t\t\t\t<\/div>\n\t\t\t\t<div class=\"elementor-element elementor-element-8851410 elementor-widget elementor-widget-heading\" data-id=\"8851410\" data-element_type=\"widget\" data-widget_type=\"heading.default\">\n\t\t\t\t<div class=\"elementor-widget-container\">\n\t\t\t<h3 class=\"elementor-heading-title elementor-size-default\">Alkalmi \u00e9s Fot\u00f3z\u00e1s smink<\/h3>\t\t<\/div>\n\t\t\t\t<\/div>\n\t\t\t\t<div class=\"elementor-element elementor-element-da1c387 elementor-widget elementor-widget-text-editor\" data-id=\"da1c387\" data-element_type=\"widget\" data-widget_type=\"text-editor.default\">\n\t\t\t\t<div class=\"elementor-widget-container\">\n\t\t\t\t\t\t\t\t<div class=\"elementor-text-editor elementor-clearfix\">\n\t\t\t\t<p style=\"text-align: center;\">Olyan alkalmi sminket szeretn\u00e8l , amely kitart ak\u00e1r 12 \u00f3r\u00e1n \u00e1t? J\u00f3 h\u00edr\u00fcnk van! Az \u00e1ltalunk k\u00e9sz\u00edtett sminkek opcion\u00e1lisan k\u00e8rhet\u014dek extra tart\u00f3s \u00e8s viz\u00e1ll\u00f3 sminkk\u00e8nt is, amely t\u00f6bbf\u00e8le fix\u00e1l\u00f3 anyag felhaszn\u00e1l\u00e1s\u00e1val garant\u00e1ltan nem fog elmozdulni a hely\u00e8r\u014dl!<\/p>\t\t\t\t\t<\/div>\n\t\t\t\t\t\t<\/div>\n\t\t\t\t<\/div>\n\t\t\t\t<div class=\"elementor-element elementor-element-a91600a elementor-align-center elementor-widget elementor-widget-button\" data-id=\"a91600a\" data-element_type=\"widget\" data-widget_type=\"button.default\">\n\t\t\t\t<div class=\"elementor-widget-container\">\n\t\t\t\t\t<div class=\"elementor-button-wrapper\">\n\t\t\t<a href=\"https:\/\/www.brigittebeauty.hu\/en\/alkalmi-smink-2\/\" class=\"elementor-button-link elementor-button elementor-size-sm\" role=\"button\">\n\t\t\t\t\t\t<span class=\"elementor-button-content-wrapper\">\n\t\t\t\t\t\t<span class=\"elementor-button-text\">CHECK OUT<\/span>\n\t\t<\/span>\n\t\t\t\t\t<\/a>\n\t\t<\/div>\n\t\t\t\t<\/div>\n\t\t\t\t<\/div>\n\t\t\t\t\t\t<\/div>\n\t\t\t\t\t<\/div>\n\t\t<\/div>\n\t\t\t\t<div class=\"elementor-column elementor-col-33 elementor-top-column elementor-element elementor-element-5b1481c\" data-id=\"5b1481c\" data-element_type=\"column\" data-settings=\"{&quot;background_background&quot;:&quot;classic&quot;}\">\n\t\t\t<div class=\"elementor-column-wrap elementor-element-populated\">\n\t\t\t\t\t\t\t<div class=\"elementor-widget-wrap\">\n\t\t\t\t\t\t<div class=\"elementor-element elementor-element-99da78d elementor-widget elementor-widget-image\" data-id=\"99da78d\" data-element_type=\"widget\" data-widget_type=\"image.default\">\n\t\t\t\t<div class=\"elementor-widget-container\">\n\t\t\t\t\t\t\t\t<div class=\"elementor-image\">\n\t\t\t\t\t\t\t\t\t\t\t\t<img width=\"1024\" height=\"1024\" src=\"https:\/\/www.brigittebeauty.hu\/wp-content\/uploads\/2022\/01\/241313363_972470606664072_4007116792500183357_n-1024x1024.jpg\" class=\"attachment-large size-large\" alt=\"\" loading=\"lazy\" srcset=\"https:\/\/www.brigittebeauty.hu\/wp-content\/uploads\/2022\/01\/241313363_972470606664072_4007116792500183357_n-1024x1024.jpg 1024w, https:\/\/www.brigittebeauty.hu\/wp-content\/uploads\/2022\/01\/241313363_972470606664072_4007116792500183357_n-150x150.jpg 150w, https:\/\/www.brigittebeauty.hu\/wp-content\/uploads\/2022\/01\/241313363_972470606664072_4007116792500183357_n-300x300.jpg 300w, https:\/\/www.brigittebeauty.hu\/wp-content\/uploads\/2022\/01\/241313363_972470606664072_4007116792500183357_n-768x767.jpg 768w, https:\/\/www.brigittebeauty.hu\/wp-content\/uploads\/2022\/01\/241313363_972470606664072_4007116792500183357_n.jpg 1080w\" sizes=\"(max-width: 1024px) 100vw, 1024px\" \/>\t\t\t\t\t\t\t\t\t\t\t\t\t\t<\/div>\n\t\t\t\t\t\t<\/div>\n\t\t\t\t<\/div>\n\t\t\t\t<div class=\"elementor-element elementor-element-5989c1d elementor-widget elementor-widget-heading\" data-id=\"5989c1d\" data-element_type=\"widget\" data-widget_type=\"heading.default\">\n\t\t\t\t<div class=\"elementor-widget-container\">\n\t\t\t<h3 class=\"elementor-heading-title elementor-size-default\">Wedding makeup<\/h3>\t\t<\/div>\n\t\t\t\t<\/div>\n\t\t\t\t<div class=\"elementor-element elementor-element-c6c2108 elementor-widget elementor-widget-text-editor\" data-id=\"c6c2108\" data-element_type=\"widget\" data-widget_type=\"text-editor.default\">\n\t\t\t\t<div class=\"elementor-widget-container\">\n\t\t\t\t\t\t\t\t<div class=\"elementor-text-editor elementor-clearfix\">\n\t\t\t\t<p style=\"text-align: center;\">Mi\u00e8rt \u00e8rdemes szakemberhez fordulni? Mert l\u00e1tja, hogy a szem \u00e8s arcform\u00e1dhoz milyen smink illeszkedik.\u00a0 Mert v\u00edz\u00e1ll\u00f3, professzion\u00e1lis term\u00e8kekkel k\u00e8sz\u00edtj\u00fck el a sminked. Mert biztos kezek alatt nagyon gyorsan elk\u00e8sz\u00edtj\u00fck a sminkedet, \u00edgy id\u014dt sp\u00f3rolhatsz.\u00a0<\/p>\t\t\t\t\t<\/div>\n\t\t\t\t\t\t<\/div>\n\t\t\t\t<\/div>\n\t\t\t\t<div class=\"elementor-element elementor-element-e1b24cf elementor-align-center elementor-widget elementor-widget-button\" data-id=\"e1b24cf\" data-element_type=\"widget\" data-widget_type=\"button.default\">\n\t\t\t\t<div class=\"elementor-widget-container\">\n\t\t\t\t\t<div class=\"elementor-button-wrapper\">\n\t\t\t<a href=\"https:\/\/www.brigittebeauty.hu\/en\/eskuvoi-smink-2\/\" class=\"elementor-button-link elementor-button elementor-size-sm\" role=\"button\">\n\t\t\t\t\t\t<span class=\"elementor-button-content-wrapper\">\n\t\t\t\t\t\t<span class=\"elementor-button-text\">CHECK OUT<\/span>\n\t\t<\/span>\n\t\t\t\t\t<\/a>\n\t\t<\/div>\n\t\t\t\t<\/div>\n\t\t\t\t<\/div>\n\t\t\t\t\t\t<\/div>\n\t\t\t\t\t<\/div>\n\t\t<\/div>\n\t\t\t\t<div class=\"elementor-column elementor-col-33 elementor-top-column elementor-element elementor-element-cfaf9b0\" data-id=\"cfaf9b0\" data-element_type=\"column\" data-settings=\"{&quot;background_background&quot;:&quot;classic&quot;}\">\n\t\t\t<div class=\"elementor-column-wrap elementor-element-populated\">\n\t\t\t\t\t\t\t<div class=\"elementor-widget-wrap\">\n\t\t\t\t\t\t<div class=\"elementor-element elementor-element-095a1b2 elementor-widget elementor-widget-image\" data-id=\"095a1b2\" data-element_type=\"widget\" data-widget_type=\"image.default\">\n\t\t\t\t<div class=\"elementor-widget-container\">\n\t\t\t\t\t\t\t\t<div class=\"elementor-image\">\n\t\t\t\t\t\t\t\t\t\t\t\t<img width=\"1024\" height=\"1024\" src=\"https:\/\/www.brigittebeauty.hu\/wp-content\/uploads\/2022\/01\/273003802_1285056332009116_3803801879005307604_n-1-1024x1024.png\" class=\"attachment-large size-large\" alt=\"\" loading=\"lazy\" srcset=\"https:\/\/www.brigittebeauty.hu\/wp-content\/uploads\/2022\/01\/273003802_1285056332009116_3803801879005307604_n-1-1024x1024.png 1024w, https:\/\/www.brigittebeauty.hu\/wp-content\/uploads\/2022\/01\/273003802_1285056332009116_3803801879005307604_n-1-150x150.png 150w, https:\/\/www.brigittebeauty.hu\/wp-content\/uploads\/2022\/01\/273003802_1285056332009116_3803801879005307604_n-1-300x300.png 300w, https:\/\/www.brigittebeauty.hu\/wp-content\/uploads\/2022\/01\/273003802_1285056332009116_3803801879005307604_n-1-768x767.png 768w, https:\/\/www.brigittebeauty.hu\/wp-content\/uploads\/2022\/01\/273003802_1285056332009116_3803801879005307604_n-1.png 1080w\" sizes=\"(max-width: 1024px) 100vw, 1024px\" \/>\t\t\t\t\t\t\t\t\t\t\t\t\t\t<\/div>\n\t\t\t\t\t\t<\/div>\n\t\t\t\t<\/div>\n\t\t\t\t<div class=\"elementor-element elementor-element-cc3e199 elementor-widget elementor-widget-heading\" data-id=\"cc3e199\" data-element_type=\"widget\" data-widget_type=\"heading.default\">\n\t\t\t\t<div class=\"elementor-widget-container\">\n\t\t\t<h3 class=\"elementor-heading-title elementor-size-default\">Custom makeup education<\/h3>\t\t<\/div>\n\t\t\t\t<\/div>\n\t\t\t\t<div class=\"elementor-element elementor-element-8b469a6 elementor-widget elementor-widget-text-editor\" data-id=\"8b469a6\" data-element_type=\"widget\" data-widget_type=\"text-editor.default\">\n\t\t\t\t<div class=\"elementor-widget-container\">\n\t\t\t\t\t\t\t\t<div class=\"elementor-text-editor elementor-clearfix\">\n\t\t\t\t<p style=\"text-align: center;\">Lorem ipsum dolor sit amet, consectetur adipiscing elit. Ut elit tellus, luctus nec ullamcorper mattis, pulvinar dapibus leo. Lorem ipsum dolor sit amet, consectetur adipiscing elit. Ut elit tellus, luctus nec ullamcorper mattis, pulvinar dapibus leo.<\/p>\t\t\t\t\t<\/div>\n\t\t\t\t\t\t<\/div>\n\t\t\t\t<\/div>\n\t\t\t\t<div class=\"elementor-element elementor-element-752b5e5 elementor-align-center elementor-widget elementor-widget-button\" data-id=\"752b5e5\" data-element_type=\"widget\" data-widget_type=\"button.default\">\n\t\t\t\t<div class=\"elementor-widget-container\">\n\t\t\t\t\t<div class=\"elementor-button-wrapper\">\n\t\t\t<a href=\"https:\/\/www.brigittebeauty.hu\/en\/smink-tanacsadas\/\" class=\"elementor-button-link elementor-button elementor-size-sm\" role=\"button\">\n\t\t\t\t\t\t<span class=\"elementor-button-content-wrapper\">\n\t\t\t\t\t\t<span class=\"elementor-button-text\">CHECK OUT<\/span>\n\t\t<\/span>\n\t\t\t\t\t<\/a>\n\t\t<\/div>\n\t\t\t\t<\/div>\n\t\t\t\t<\/div>\n\t\t\t\t\t\t<\/div>\n\t\t\t\t\t<\/div>\n\t\t<\/div>\n\t\t\t\t\t\t\t\t<\/div>\n\t\t\t\t\t<\/div>\n\t\t<\/section>\n\t\t\t\t\t\t\t\t\t<\/div>\n\t\t\t<\/div>\n\t\t\t\t\t<\/div>","protected":false},"excerpt":{"rendered":"Alkalmi \u00e9s Fot\u00f3z\u00e1s smink Olyan alkalmi sminket szeretn\u00e8l , amely kitart ak\u00e1r 12 \u00f3r\u00e1n \u00e1t? J\u00f3 h\u00edr\u00fcnk van! Az \u00e1ltalunk k\u00e9sz\u00edtett sminkek opcion\u00e1lisan k\u00e8rhet\u014dek extra tart\u00f3s \u00e8s viz\u00e1ll\u00f3 sminkk\u00e8nt is, amely t\u00f6bbf\u00e8le fix\u00e1l\u00f3 anyag felhaszn\u00e1l\u00e1s\u00e1val garant\u00e1ltan nem fog elmozdulni a hely\u00e8r\u014dl! MEGN\u00c9ZEM Esk\u00fcv\u0151i smink Mi\u00e8rt \u00e8rdemes szakemberhez fordulni? Mert l\u00e1tja, hogy a szem \u00e8s arcform\u00e1dhoz","protected":false},"author":1,"featured_media":0,"parent":0,"menu_order":0,"comment_status":"closed","ping_status":"closed","template":"","meta":{"om_disable_all_campaigns":false,"_mi_skip_tracking":false},"aioseo_notices":[],"_links":{"self":[{"href":"https:\/\/www.brigittebeauty.hu\/en\/wp-json\/wp\/v2\/pages\/438"}],"collection":[{"href":"https:\/\/www.brigittebeauty.hu\/en\/wp-json\/wp\/v2\/pages"}],"about":[{"href":"https:\/\/www.brigittebeauty.hu\/en\/wp-json\/wp\/v2\/types\/page"}],"author":[{"embeddable":true,"href":"https:\/\/www.brigittebeauty.hu\/en\/wp-json\/wp\/v2\/users\/1"}],"replies":[{"embeddable":true,"href":"https:\/\/www.brigittebeauty.hu\/en\/wp-json\/wp\/v2\/comments?post=438"}],"version-history":[{"count":13,"href":"https:\/\/www.brigittebeauty.hu\/en\/wp-json\/wp\/v2\/pages\/438\/revisions"}],"predecessor-version":[{"id":1381,"href":"https:\/\/www.brigittebeauty.hu\/en\/wp-json\/wp\/v2\/pages\/438\/revisions\/1381"}],"wp:attachment":[{"href":"https:\/\/www.brigittebeauty.hu\/en\/wp-json\/wp\/v2\/media?parent=438"}],"curies":[{"name":"wp","href":"https:\/\/api.w.org\/{rel}","templated":true}]}}