{"id":447,"date":"2021-02-12T20:20:10","date_gmt":"2021-02-12T19:20:10","guid":{"rendered":"http:\/\/www.brigittebeauty.hu\/?page_id=447"},"modified":"2023-04-02T18:54:56","modified_gmt":"2023-04-02T16:54:56","slug":"eskuvoi-smink-2","status":"publish","type":"page","link":"https:\/\/www.brigittebeauty.hu\/en\/eskuvoi-smink-2\/","title":{"rendered":"Wedding makeup"},"content":{"rendered":"<div data-elementor-type=\"wp-page\" data-elementor-id=\"447\" class=\"elementor elementor-447\">\n\t\t\t\t\t\t<div class=\"elementor-inner\">\n\t\t\t\t<div class=\"elementor-section-wrap\">\n\t\t\t\t\t\t\t\t\t<section class=\"elementor-section elementor-top-section elementor-element elementor-element-b17d272 elementor-section-boxed elementor-section-height-default elementor-section-height-default\" data-id=\"b17d272\" data-element_type=\"section\" data-settings=\"{&quot;background_background&quot;:&quot;classic&quot;}\">\n\t\t\t\t\t\t<div class=\"elementor-container elementor-column-gap-default\">\n\t\t\t\t\t\t\t<div class=\"elementor-row\">\n\t\t\t\t\t<div class=\"elementor-column elementor-col-50 elementor-top-column elementor-element elementor-element-4c635a26\" data-id=\"4c635a26\" data-element_type=\"column\">\n\t\t\t<div class=\"elementor-column-wrap\">\n\t\t\t\t\t\t\t<div class=\"elementor-widget-wrap\">\n\t\t\t\t\t\t\t\t<\/div>\n\t\t\t\t\t<\/div>\n\t\t<\/div>\n\t\t\t\t<div class=\"elementor-column elementor-col-50 elementor-top-column elementor-element elementor-element-2a4a34b0 elementor-invisible\" data-id=\"2a4a34b0\" data-element_type=\"column\" data-settings=\"{&quot;animation&quot;:&quot;fadeInRight&quot;}\">\n\t\t\t<div class=\"elementor-column-wrap elementor-element-populated\">\n\t\t\t\t\t\t\t<div class=\"elementor-widget-wrap\">\n\t\t\t\t\t\t<div class=\"elementor-element elementor-element-6445f792 elementor-invisible elementor-widget elementor-widget-text-editor\" data-id=\"6445f792\" data-element_type=\"widget\" data-settings=\"{&quot;_animation&quot;:&quot;fadeIn&quot;}\" data-widget_type=\"text-editor.default\">\n\t\t\t\t<div class=\"elementor-widget-container\">\n\t\t\t\t\t\t\t\t<div class=\"elementor-text-editor elementor-clearfix\">\n\t\t\t\t<p style=\"text-align: center;\">Te is szeretn\u00e9l az esk\u00fcv\u0151d napj\u00e1n a legjobb form\u00e1dban t\u00fcnd\u00f6k\u00f6lni? Ezt teljesen meg tudom \u00e9rteni, hiszen \u00e9leted legszebb napj\u00e1r\u00f3l besz\u00e9l\u00fcnk! Biztosan Te is n\u00e9zegetted m\u00e1r a szebbn\u00e9l szebb esk\u00fcv\u0151i ruh\u00e1kat \u00e9s a csod\u00e1latos esk\u00fcv\u0151i frizur\u00e1kat. Azonban ezeken t\u00fal az esk\u00fcv\u0151i kin\u00e9zeted elengedhetetlen r\u00e9sze a szem\u00e9lyre szabottan elk\u00e9sz\u00edtett, csodasz\u00e9p esk\u00fcv\u0151i smink is, amely egyszerre eg\u00e9sz\u00edti \u00e9s emeli ki a ruh\u00e1d \u00e9s a hajk\u00f6ltem\u00e9nyed sz\u00e9ps\u00e9g\u00e9t!<\/p>\t\t\t\t\t<\/div>\n\t\t\t\t\t\t<\/div>\n\t\t\t\t<\/div>\n\t\t\t\t\t\t<\/div>\n\t\t\t\t\t<\/div>\n\t\t<\/div>\n\t\t\t\t\t\t\t\t<\/div>\n\t\t\t\t\t<\/div>\n\t\t<\/section>\n\t\t\t\t<section class=\"elementor-section elementor-top-section elementor-element elementor-element-76172ed elementor-section-full_width elementor-section-height-default elementor-section-height-default\" data-id=\"76172ed\" data-element_type=\"section\">\n\t\t\t\t\t\t<div class=\"elementor-container elementor-column-gap-default\">\n\t\t\t\t\t\t\t<div class=\"elementor-row\">\n\t\t\t\t\t<div class=\"elementor-column elementor-col-33 elementor-top-column elementor-element elementor-element-91ce28a\" data-id=\"91ce28a\" data-element_type=\"column\">\n\t\t\t<div class=\"elementor-column-wrap elementor-element-populated\">\n\t\t\t\t\t\t\t<div class=\"elementor-widget-wrap\">\n\t\t\t\t\t\t<div class=\"elementor-element elementor-element-c6b63c6 elementor-widget elementor-widget-image\" data-id=\"c6b63c6\" data-element_type=\"widget\" data-widget_type=\"image.default\">\n\t\t\t\t<div class=\"elementor-widget-container\">\n\t\t\t\t\t\t\t\t<div class=\"elementor-image\">\n\t\t\t\t\t\t\t\t\t\t\t\t<img width=\"1024\" height=\"1024\" src=\"https:\/\/www.brigittebeauty.hu\/wp-content\/uploads\/2022\/01\/241314837_568653900989367_3514489161868521618_n-1024x1024.jpg\" class=\"attachment-large size-large\" alt=\"\" loading=\"lazy\" srcset=\"https:\/\/www.brigittebeauty.hu\/wp-content\/uploads\/2022\/01\/241314837_568653900989367_3514489161868521618_n-1024x1024.jpg 1024w, https:\/\/www.brigittebeauty.hu\/wp-content\/uploads\/2022\/01\/241314837_568653900989367_3514489161868521618_n-150x150.jpg 150w, https:\/\/www.brigittebeauty.hu\/wp-content\/uploads\/2022\/01\/241314837_568653900989367_3514489161868521618_n-300x300.jpg 300w, https:\/\/www.brigittebeauty.hu\/wp-content\/uploads\/2022\/01\/241314837_568653900989367_3514489161868521618_n-768x768.jpg 768w, https:\/\/www.brigittebeauty.hu\/wp-content\/uploads\/2022\/01\/241314837_568653900989367_3514489161868521618_n.jpg 1080w\" sizes=\"(max-width: 1024px) 100vw, 1024px\" \/>\t\t\t\t\t\t\t\t\t\t\t\t\t\t<\/div>\n\t\t\t\t\t\t<\/div>\n\t\t\t\t<\/div>\n\t\t\t\t\t\t<\/div>\n\t\t\t\t\t<\/div>\n\t\t<\/div>\n\t\t\t\t<div class=\"elementor-column elementor-col-33 elementor-top-column elementor-element elementor-element-efe5781\" data-id=\"efe5781\" data-element_type=\"column\">\n\t\t\t<div class=\"elementor-column-wrap elementor-element-populated\">\n\t\t\t\t\t\t\t<div class=\"elementor-widget-wrap\">\n\t\t\t\t\t\t<div class=\"elementor-element elementor-element-3b493b4 elementor-widget elementor-widget-image\" data-id=\"3b493b4\" data-element_type=\"widget\" data-widget_type=\"image.default\">\n\t\t\t\t<div class=\"elementor-widget-container\">\n\t\t\t\t\t\t\t\t<div class=\"elementor-image\">\n\t\t\t\t\t\t\t\t\t\t\t\t<img width=\"1024\" height=\"1024\" src=\"https:\/\/www.brigittebeauty.hu\/wp-content\/uploads\/2022\/01\/240940897_410157573836545_4280609690142757243_n-1024x1024.png\" class=\"attachment-large size-large\" alt=\"\" loading=\"lazy\" srcset=\"https:\/\/www.brigittebeauty.hu\/wp-content\/uploads\/2022\/01\/240940897_410157573836545_4280609690142757243_n-1024x1024.png 1024w, https:\/\/www.brigittebeauty.hu\/wp-content\/uploads\/2022\/01\/240940897_410157573836545_4280609690142757243_n-150x150.png 150w, https:\/\/www.brigittebeauty.hu\/wp-content\/uploads\/2022\/01\/240940897_410157573836545_4280609690142757243_n-300x300.png 300w, https:\/\/www.brigittebeauty.hu\/wp-content\/uploads\/2022\/01\/240940897_410157573836545_4280609690142757243_n-768x768.png 768w, https:\/\/www.brigittebeauty.hu\/wp-content\/uploads\/2022\/01\/240940897_410157573836545_4280609690142757243_n.png 1080w\" sizes=\"(max-width: 1024px) 100vw, 1024px\" \/>\t\t\t\t\t\t\t\t\t\t\t\t\t\t<\/div>\n\t\t\t\t\t\t<\/div>\n\t\t\t\t<\/div>\n\t\t\t\t\t\t<\/div>\n\t\t\t\t\t<\/div>\n\t\t<\/div>\n\t\t\t\t<div class=\"elementor-column elementor-col-33 elementor-top-column elementor-element elementor-element-fbf4890\" data-id=\"fbf4890\" data-element_type=\"column\">\n\t\t\t<div class=\"elementor-column-wrap elementor-element-populated\">\n\t\t\t\t\t\t\t<div class=\"elementor-widget-wrap\">\n\t\t\t\t\t\t<div class=\"elementor-element elementor-element-a48a959 elementor-widget elementor-widget-image\" data-id=\"a48a959\" data-element_type=\"widget\" data-widget_type=\"image.default\">\n\t\t\t\t<div class=\"elementor-widget-container\">\n\t\t\t\t\t\t\t\t<div class=\"elementor-image\">\n\t\t\t\t\t\t\t\t\t\t\t\t<img width=\"1024\" height=\"1024\" src=\"https:\/\/www.brigittebeauty.hu\/wp-content\/uploads\/2022\/01\/241313363_972470606664072_4007116792500183357_n-1024x1024.jpg\" class=\"attachment-large size-large\" alt=\"\" loading=\"lazy\" srcset=\"https:\/\/www.brigittebeauty.hu\/wp-content\/uploads\/2022\/01\/241313363_972470606664072_4007116792500183357_n-1024x1024.jpg 1024w, https:\/\/www.brigittebeauty.hu\/wp-content\/uploads\/2022\/01\/241313363_972470606664072_4007116792500183357_n-150x150.jpg 150w, https:\/\/www.brigittebeauty.hu\/wp-content\/uploads\/2022\/01\/241313363_972470606664072_4007116792500183357_n-300x300.jpg 300w, https:\/\/www.brigittebeauty.hu\/wp-content\/uploads\/2022\/01\/241313363_972470606664072_4007116792500183357_n-768x767.jpg 768w, https:\/\/www.brigittebeauty.hu\/wp-content\/uploads\/2022\/01\/241313363_972470606664072_4007116792500183357_n.jpg 1080w\" sizes=\"(max-width: 1024px) 100vw, 1024px\" \/>\t\t\t\t\t\t\t\t\t\t\t\t\t\t<\/div>\n\t\t\t\t\t\t<\/div>\n\t\t\t\t<\/div>\n\t\t\t\t\t\t<\/div>\n\t\t\t\t\t<\/div>\n\t\t<\/div>\n\t\t\t\t\t\t\t\t<\/div>\n\t\t\t\t\t<\/div>\n\t\t<\/section>\n\t\t\t\t<section class=\"elementor-section elementor-top-section elementor-element elementor-element-6b33502 elementor-section-boxed elementor-section-height-default elementor-section-height-default\" data-id=\"6b33502\" data-element_type=\"section\" data-settings=\"{&quot;background_background&quot;:&quot;classic&quot;}\">\n\t\t\t\t\t\t<div class=\"elementor-container elementor-column-gap-default\">\n\t\t\t\t\t\t\t<div class=\"elementor-row\">\n\t\t\t\t\t<div class=\"elementor-column elementor-col-100 elementor-top-column elementor-element elementor-element-bb941be elementor-invisible\" data-id=\"bb941be\" data-element_type=\"column\" data-settings=\"{&quot;animation&quot;:&quot;fadeInRight&quot;,&quot;background_background&quot;:&quot;classic&quot;}\">\n\t\t\t<div class=\"elementor-column-wrap elementor-element-populated\">\n\t\t\t\t\t\t\t<div class=\"elementor-widget-wrap\">\n\t\t\t\t\t\t<div class=\"elementor-element elementor-element-5085faa elementor-widget elementor-widget-heading\" data-id=\"5085faa\" data-element_type=\"widget\" data-widget_type=\"heading.default\">\n\t\t\t\t<div class=\"elementor-widget-container\">\n\t\t\t<h2 class=\"elementor-heading-title elementor-size-default\">Esk\u00fcv\u0151i smink...<\/h2>\t\t<\/div>\n\t\t\t\t<\/div>\n\t\t\t\t<div class=\"elementor-element elementor-element-c5f2eab elementor-invisible elementor-widget elementor-widget-text-editor\" data-id=\"c5f2eab\" data-element_type=\"widget\" data-settings=\"{&quot;_animation&quot;:&quot;fadeIn&quot;}\" data-widget_type=\"text-editor.default\">\n\t\t\t\t<div class=\"elementor-widget-container\">\n\t\t\t\t\t\t\t\t<div class=\"elementor-text-editor elementor-clearfix\">\n\t\t\t\t<p>48 \u00f3r\u00e0n \u00e1t tart\u00f3 , professzion\u00e0lis min\u014ds\u00e8g\u016b, v\u00edz\u00e1ll\u00f3, k\u00f6nny\u00e0ll\u00f3 esk\u00fcv\u014di smink fix\u00e0l\u00e0ssal. Az Esk\u00fcv\u0151i smink csomag tartalmaz egy pr\u00f3basminket, melyet az esk\u00fcv\u0151 el\u0151tt p\u00e1r h\u00e9ttel javasolt megejteni. A Nagy Nap sminkje, az \u00e1ltalad megadott c\u00edmen, a pr\u00f3basmink alapj\u00e1n t\u00f6rt\u00e9nik, hogy a k\u00e9sz\u00fcl\u0151d\u00e9s a leggyorsabb lehessen.<\/p><p><strong>Pr\u00f3basmink \u00e1ra: <del>35.000 Ft<\/del> helyett most <span style=\"color: #800000;\">25.000 Ft<\/span> (id\u0151tartama: 1-2 \u00f3ra)<\/strong><\/p><p><strong>Menyasszony sminkje a Nagy napon: <del>35.000 Ft<\/del> helyett most <span style=\"color: #800000;\">25.000 Ft<\/span><\/strong><\/p><p>K\u00e9rlek vedd figyelembe, hogy a fenti \u00e1rak budapesti helysz\u00ednekkel \u00e9rtend\u0151ek! Amennyiben az esk\u00fcv\u0151i smink nem Budapest ter\u00fclet\u00e9n bel\u00fcl k\u00e9sz\u00fclne, k\u00e9rlek, jelezd el\u0151re a helysz\u00ednt, hogy az aktu\u00e1lis kisz\u00e1ll\u00e1si d\u00edjra aj\u00e1nlatot k\u00fcldhessek!<\/p>\t\t\t\t\t<\/div>\n\t\t\t\t\t\t<\/div>\n\t\t\t\t<\/div>\n\t\t\t\t<div class=\"elementor-element elementor-element-16b9625 elementor-align-center elementor-widget elementor-widget-button\" data-id=\"16b9625\" data-element_type=\"widget\" data-widget_type=\"button.default\">\n\t\t\t\t<div class=\"elementor-widget-container\">\n\t\t\t\t\t<div class=\"elementor-button-wrapper\">\n\t\t\t<a href=\"https:\/\/www.brigittebeauty.hu\/en\/kapcsolat\/\" class=\"elementor-button-link elementor-button elementor-size-sm\" role=\"button\">\n\t\t\t\t\t\t<span class=\"elementor-button-content-wrapper\">\n\t\t\t\t\t\t<span class=\"elementor-button-text\">FOGLALJ ID\u0150PONTOT<\/span>\n\t\t<\/span>\n\t\t\t\t\t<\/a>\n\t\t<\/div>\n\t\t\t\t<\/div>\n\t\t\t\t<\/div>\n\t\t\t\t\t\t<\/div>\n\t\t\t\t\t<\/div>\n\t\t<\/div>\n\t\t\t\t\t\t\t\t<\/div>\n\t\t\t\t\t<\/div>\n\t\t<\/section>\n\t\t\t\t<section class=\"elementor-section elementor-top-section elementor-element elementor-element-5feba91 elementor-section-full_width elementor-reverse-tablet elementor-reverse-mobile elementor-section-height-default elementor-section-height-default\" data-id=\"5feba91\" data-element_type=\"section\" data-settings=\"{&quot;background_background&quot;:&quot;classic&quot;}\">\n\t\t\t\t\t\t<div class=\"elementor-container elementor-column-gap-no\">\n\t\t\t\t\t\t\t<div class=\"elementor-row\">\n\t\t\t\t\t<div class=\"elementor-column elementor-col-50 elementor-top-column elementor-element elementor-element-8b07b73\" data-id=\"8b07b73\" data-element_type=\"column\">\n\t\t\t<div class=\"elementor-column-wrap elementor-element-populated\">\n\t\t\t\t\t\t\t<div class=\"elementor-widget-wrap\">\n\t\t\t\t\t\t<div class=\"elementor-element elementor-element-05a7353 elementor-widget elementor-widget-image\" data-id=\"05a7353\" data-element_type=\"widget\" data-widget_type=\"image.default\">\n\t\t\t\t<div class=\"elementor-widget-container\">\n\t\t\t\t\t\t\t\t<div class=\"elementor-image\">\n\t\t\t\t\t\t\t\t\t\t\t\t<img src=\"https:\/\/www.brigittebeauty.hu\/wp-content\/uploads\/2023\/04\/Snapinsta.app_278837458_399228501762761_2013648503124901609_n_1080.jpg\" title=\"Snapinsta.app_278837458_399228501762761_2013648503124901609_n_1080\" alt=\"Snapinsta.app_278837458_399228501762761_2013648503124901609_n_1080\" \/>\t\t\t\t\t\t\t\t\t\t\t\t\t\t<\/div>\n\t\t\t\t\t\t<\/div>\n\t\t\t\t<\/div>\n\t\t\t\t\t\t<\/div>\n\t\t\t\t\t<\/div>\n\t\t<\/div>\n\t\t\t\t<div class=\"elementor-column elementor-col-50 elementor-top-column elementor-element elementor-element-d5eafc0\" data-id=\"d5eafc0\" data-element_type=\"column\">\n\t\t\t<div class=\"elementor-column-wrap elementor-element-populated\">\n\t\t\t\t\t\t\t<div class=\"elementor-widget-wrap\">\n\t\t\t\t\t\t<div class=\"elementor-element elementor-element-9c49e46 elementor-widget elementor-widget-heading\" data-id=\"9c49e46\" data-element_type=\"widget\" data-widget_type=\"heading.default\">\n\t\t\t\t<div class=\"elementor-widget-container\">\n\t\t\t<h2 class=\"elementor-heading-title elementor-size-default\">Pr\u00f3ba smink...<\/h2>\t\t<\/div>\n\t\t\t\t<\/div>\n\t\t\t\t<div class=\"elementor-element elementor-element-e932477 elementor-widget elementor-widget-text-editor\" data-id=\"e932477\" data-element_type=\"widget\" data-widget_type=\"text-editor.default\">\n\t\t\t\t<div class=\"elementor-widget-container\">\n\t\t\t\t\t\t\t\t<div class=\"elementor-text-editor elementor-clearfix\">\n\t\t\t\t<p>El\u0151sz\u00f6r r\u00e9szletesen megbesz\u00e9lj\u00fck az elk\u00e9pzel\u00e9seidet \u00e9s hogy mennyire szoktad magad sminkelni \u00e1ltal\u00e1ban. Megn\u00e9zem, milyen lesz a ruh\u00e1d, a frizur\u00e1d, az esk\u00fcv\u0151 st\u00edlusa, majd k\u00f6z\u00f6sen alak\u00edtjuk ki a Hozz\u00e1d legjobban ill\u0151 sminket. Ez az alkalom nagyj\u00e1b\u00f3l 1-2 \u00f3ra szokott lenni. \u00c9rdemes lehet feh\u00e9r vagy vil\u00e1gos fels\u0151ben \u00e9rkezned.<\/p>\t\t\t\t\t<\/div>\n\t\t\t\t\t\t<\/div>\n\t\t\t\t<\/div>\n\t\t\t\t\t\t<\/div>\n\t\t\t\t\t<\/div>\n\t\t<\/div>\n\t\t\t\t\t\t\t\t<\/div>\n\t\t\t\t\t<\/div>\n\t\t<\/section>\n\t\t\t\t<section class=\"elementor-section elementor-top-section elementor-element elementor-element-8a1fa0c elementor-section-full_width elementor-section-height-default elementor-section-height-default\" data-id=\"8a1fa0c\" data-element_type=\"section\" data-settings=\"{&quot;background_background&quot;:&quot;classic&quot;}\">\n\t\t\t\t\t\t<div class=\"elementor-container elementor-column-gap-no\">\n\t\t\t\t\t\t\t<div class=\"elementor-row\">\n\t\t\t\t\t<div class=\"elementor-column elementor-col-50 elementor-top-column elementor-element elementor-element-0c12497\" data-id=\"0c12497\" data-element_type=\"column\">\n\t\t\t<div class=\"elementor-column-wrap elementor-element-populated\">\n\t\t\t\t\t\t\t<div class=\"elementor-widget-wrap\">\n\t\t\t\t\t\t<div class=\"elementor-element elementor-element-1548684 elementor-widget elementor-widget-heading\" data-id=\"1548684\" data-element_type=\"widget\" data-widget_type=\"heading.default\">\n\t\t\t\t<div class=\"elementor-widget-container\">\n\t\t\t<h2 class=\"elementor-heading-title elementor-size-default\">Mi t\u00f6rt\u00e9nik a nagy napon?<\/h2>\t\t<\/div>\n\t\t\t\t<\/div>\n\t\t\t\t<div class=\"elementor-element elementor-element-7aa288c elementor-widget elementor-widget-text-editor\" data-id=\"7aa288c\" data-element_type=\"widget\" data-widget_type=\"text-editor.default\">\n\t\t\t\t<div class=\"elementor-widget-container\">\n\t\t\t\t\t\t\t\t<div class=\"elementor-text-editor elementor-clearfix\">\n\t\t\t\t<p>A megbesz\u00e9lt helysz\u00ednen \u00e9s id\u0151ben tal\u00e1lkotunk.Leggyakrabban a frizur\u00e1val kezdtek, majd j\u00f6n a smink. A menyasszonyi sminkre \u00e9rdemes 1-2 \u00f3r\u00e1t is r\u00e1sz\u00e1nni, mivel ezen a napon el\u0151fodulhat, hogy t\u00f6bbsz\u00f6r meg kell \u00e1llnunk. Javaslom, hogy \u00fagy sz\u00e1molj, hogy az indul\u00e1s el\u0151tt f\u00e9l \u00f3r\u00e1val m\u00e1r legy\u00e9l k\u00e9szen fel\u00f6lt\u00f6zve. , \u00edgy egy kis cs\u00fasz\u00e1s m\u00e9g belef\u00e9rhet.<\/p>\t\t\t\t\t<\/div>\n\t\t\t\t\t\t<\/div>\n\t\t\t\t<\/div>\n\t\t\t\t\t\t<\/div>\n\t\t\t\t\t<\/div>\n\t\t<\/div>\n\t\t\t\t<div class=\"elementor-column elementor-col-50 elementor-top-column elementor-element elementor-element-8ac466a\" data-id=\"8ac466a\" data-element_type=\"column\">\n\t\t\t<div class=\"elementor-column-wrap elementor-element-populated\">\n\t\t\t\t\t\t\t<div class=\"elementor-widget-wrap\">\n\t\t\t\t\t\t<div class=\"elementor-element elementor-element-3d4bea7 elementor-widget elementor-widget-image\" data-id=\"3d4bea7\" data-element_type=\"widget\" data-widget_type=\"image.default\">\n\t\t\t\t<div class=\"elementor-widget-container\">\n\t\t\t\t\t\t\t\t<div class=\"elementor-image\">\n\t\t\t\t\t\t\t\t\t\t\t\t<img src=\"https:\/\/www.brigittebeauty.hu\/wp-content\/uploads\/2023\/04\/Snapinsta.app_278802349_3170962156481196_193657881865608164_n_1080.jpg\" title=\"Snapinsta.app_278802349_3170962156481196_193657881865608164_n_1080\" alt=\"Snapinsta.app_278802349_3170962156481196_193657881865608164_n_1080\" \/>\t\t\t\t\t\t\t\t\t\t\t\t\t\t<\/div>\n\t\t\t\t\t\t<\/div>\n\t\t\t\t<\/div>\n\t\t\t\t\t\t<\/div>\n\t\t\t\t\t<\/div>\n\t\t<\/div>\n\t\t\t\t\t\t\t\t<\/div>\n\t\t\t\t\t<\/div>\n\t\t<\/section>\n\t\t\t\t\t\t\t\t\t<\/div>\n\t\t\t<\/div>\n\t\t\t\t\t<\/div>","protected":false},"excerpt":{"rendered":"Te is szeretn\u00e9l az esk\u00fcv\u0151d napj\u00e1n a legjobb form\u00e1dban t\u00fcnd\u00f6k\u00f6lni? Ezt teljesen meg tudom \u00e9rteni, hiszen \u00e9leted legszebb napj\u00e1r\u00f3l besz\u00e9l\u00fcnk! Biztosan Te is n\u00e9zegetted m\u00e1r a szebbn\u00e9l szebb esk\u00fcv\u0151i ruh\u00e1kat \u00e9s a csod\u00e1latos esk\u00fcv\u0151i frizur\u00e1kat. Azonban ezeken t\u00fal az esk\u00fcv\u0151i kin\u00e9zeted elengedhetetlen r\u00e9sze a szem\u00e9lyre szabottan elk\u00e9sz\u00edtett, csodasz\u00e9p esk\u00fcv\u0151i smink is, amely egyszerre eg\u00e9sz\u00edti \u00e9s","protected":false},"author":1,"featured_media":0,"parent":0,"menu_order":0,"comment_status":"closed","ping_status":"closed","template":"","meta":{"om_disable_all_campaigns":false,"_mi_skip_tracking":false},"aioseo_notices":[],"_links":{"self":[{"href":"https:\/\/www.brigittebeauty.hu\/en\/wp-json\/wp\/v2\/pages\/447"}],"collection":[{"href":"https:\/\/www.brigittebeauty.hu\/en\/wp-json\/wp\/v2\/pages"}],"about":[{"href":"https:\/\/www.brigittebeauty.hu\/en\/wp-json\/wp\/v2\/types\/page"}],"author":[{"embeddable":true,"href":"https:\/\/www.brigittebeauty.hu\/en\/wp-json\/wp\/v2\/users\/1"}],"replies":[{"embeddable":true,"href":"https:\/\/www.brigittebeauty.hu\/en\/wp-json\/wp\/v2\/comments?post=447"}],"version-history":[{"count":28,"href":"https:\/\/www.brigittebeauty.hu\/en\/wp-json\/wp\/v2\/pages\/447\/revisions"}],"predecessor-version":[{"id":1955,"href":"https:\/\/www.brigittebeauty.hu\/en\/wp-json\/wp\/v2\/pages\/447\/revisions\/1955"}],"wp:attachment":[{"href":"https:\/\/www.brigittebeauty.hu\/en\/wp-json\/wp\/v2\/media?parent=447"}],"curies":[{"name":"wp","href":"https:\/\/api.w.org\/{rel}","templated":true}]}}